{"id":95816,"date":"2024-09-20T11:52:22","date_gmt":"2024-09-20T11:52:22","guid":{"rendered":"https:\/\/cpraedcourse.com\/clase-gratuita-de-rcp-en-linea\/"},"modified":"2025-04-24T10:39:06","modified_gmt":"2025-04-24T10:39:06","slug":"free-cpr-class-online","status":"publish","type":"page","link":"https:\/\/cpraedcourse.com\/es\/free-cpr-class-online\/","title":{"rendered":"Clase gratuita de RCP en l\u00ednea"},"content":{"rendered":"","protected":false},"excerpt":{"rendered":"","protected":false},"author":28,"featured_media":0,"parent":0,"menu_order":0,"comment_status":"closed","ping_status":"closed","template":"landing-page\/free-cpr-class-online.php","meta":{"_acf_changed":true,"inline_featured_image":false,"footnotes":""},"class_list":["post-95816","page","type-page","status-publish","hentry"],"acf":[],"aioseo_notices":[],"aioseo_head":"\n\t\t<!-- All in One SEO Pro 4.9.5.2 - aioseo.com -->\n\t<meta name=\"robots\" content=\"max-image-preview:large\" \/>\n\t<meta name=\"google-site-verification\" content=\"8TQl1QwwF18nYMxX0M8LeR6U7YJtPumHSIWxAVTTokQ\" \/>\n\t<meta name=\"msvalidate.01\" content=\"15CF5CA23A28A3EAFCCB4F7BF55C2193\" \/>\n\t<meta name=\"yandex-verification\" content=\"3512739a059fad11\" \/>\n\t<link rel=\"canonical\" href=\"https:\/\/cpraedcourse.com\/es\/free-cpr-class-online\/\" \/>\n\t<meta name=\"generator\" content=\"All in One SEO Pro (AIOSEO) 4.9.5.2\" \/>\n\t\t<meta property=\"og:locale\" content=\"es_ES\" \/>\n\t\t<meta property=\"og:site_name\" content=\"Academia Estadounidense de Atenci\u00f3n de la Salud\" \/>\n\t\t<meta property=\"og:type\" content=\"article\" \/>\n\t\t<meta property=\"og:title\" content=\"Clase gratuita de RCP en l\u00ednea\" \/>\n\t\t<meta property=\"og:url\" content=\"https:\/\/cpraedcourse.com\/es\/free-cpr-class-online\/\" \/>\n\t\t<meta property=\"og:image\" content=\"https:\/\/cpraedcourse.com\/wp-content\/uploads\/2022\/04\/ahca-social-logo.jpg\" \/>\n\t\t<meta property=\"og:image:secure_url\" content=\"https:\/\/cpraedcourse.com\/wp-content\/uploads\/2022\/04\/ahca-social-logo.jpg\" \/>\n\t\t<meta property=\"og:image:width\" content=\"200\" \/>\n\t\t<meta property=\"og:image:height\" content=\"200\" \/>\n\t\t<meta property=\"article:published_time\" content=\"2024-09-20T11:52:22+00:00\" \/>\n\t\t<meta property=\"article:modified_time\" content=\"2025-04-24T10:39:06+00:00\" \/>\n\t\t<meta property=\"article:publisher\" content=\"https:\/\/www.facebook.com\/CPRAEDCourses\/\" \/>\n\t\t<meta name=\"twitter:card\" content=\"summary_large_image\" \/>\n\t\t<meta name=\"twitter:site\" content=\"@cpraedcourses\" \/>\n\t\t<meta name=\"twitter:title\" content=\"Clase gratuita de RCP en l\u00ednea\" \/>\n\t\t<meta name=\"twitter:creator\" content=\"@cpraedcourses\" \/>\n\t\t<meta name=\"twitter:image\" content=\"https:\/\/cpraedcourse.com\/wp-content\/uploads\/2022\/04\/ahca-social-logo.jpg\" \/>\n\t\t<meta name=\"twitter:label1\" content=\"Escrito por\" \/>\n\t\t<meta name=\"twitter:data1\" content=\"Rameez\" \/>\n\t\t<script type=\"application\/ld+json\" class=\"aioseo-schema\">\n\t\t\t{\"@context\":\"https:\\\/\\\/schema.org\",\"@graph\":[{\"@type\":\"BreadcrumbList\",\"@id\":\"https:\\\/\\\/cpraedcourse.com\\\/es\\\/free-cpr-class-online\\\/#breadcrumblist\",\"itemListElement\":[{\"@type\":\"ListItem\",\"@id\":\"https:\\\/\\\/cpraedcourse.com\\\/es\\\/#listItem\",\"position\":1,\"name\":\"Home\",\"item\":\"https:\\\/\\\/cpraedcourse.com\\\/es\\\/\",\"nextItem\":{\"@type\":\"ListItem\",\"@id\":\"https:\\\/\\\/cpraedcourse.com\\\/es\\\/free-cpr-class-online\\\/#listItem\",\"name\":\"Clase gratuita de RCP en l\\u00ednea\"}},{\"@type\":\"ListItem\",\"@id\":\"https:\\\/\\\/cpraedcourse.com\\\/es\\\/free-cpr-class-online\\\/#listItem\",\"position\":2,\"name\":\"Clase gratuita de RCP en l\\u00ednea\",\"previousItem\":{\"@type\":\"ListItem\",\"@id\":\"https:\\\/\\\/cpraedcourse.com\\\/es\\\/#listItem\",\"name\":\"Home\"}}]},{\"@type\":\"Organization\",\"@id\":\"https:\\\/\\\/cpraedcourse.com\\\/es\\\/#organization\",\"name\":\"American Healthcare Academy\",\"description\":\"Clases de capacitaci\\u00f3n en RCP - Academia de atenci\\u00f3n m\\u00e9dica - Certificaci\\u00f3n BLS en l\\u00ednea\",\"url\":\"https:\\\/\\\/cpraedcourse.com\\\/es\\\/\",\"telephone\":\"+18176024502\",\"logo\":{\"@type\":\"ImageObject\",\"url\":\"https:\\\/\\\/cpraedcourse.com\\\/wp-content\\\/uploads\\\/2022\\\/04\\\/ahca-social-logo.jpg\",\"@id\":\"https:\\\/\\\/cpraedcourse.com\\\/es\\\/free-cpr-class-online\\\/#organizationLogo\",\"width\":200,\"height\":200,\"caption\":\"ahca-social-logo\"},\"image\":{\"@id\":\"https:\\\/\\\/cpraedcourse.com\\\/es\\\/free-cpr-class-online\\\/#organizationLogo\"},\"sameAs\":[\"https:\\\/\\\/www.facebook.com\\\/CPRAEDCourses\\\/\",\"https:\\\/\\\/twitter.com\\\/cpraedcourses\",\"https:\\\/\\\/www.instagram.com\\\/cpraedcourses\\\/\",\"https:\\\/\\\/www.youtube.com\\\/user\\\/cprcourse\",\"https:\\\/\\\/www.linkedin.com\\\/company\\\/american-healthcare-academy\"]},{\"@type\":\"WebPage\",\"@id\":\"https:\\\/\\\/cpraedcourse.com\\\/es\\\/free-cpr-class-online\\\/#webpage\",\"url\":\"https:\\\/\\\/cpraedcourse.com\\\/es\\\/free-cpr-class-online\\\/\",\"name\":\"Clase gratuita de RCP en l\\u00ednea\",\"inLanguage\":\"es-ES\",\"isPartOf\":{\"@id\":\"https:\\\/\\\/cpraedcourse.com\\\/es\\\/#website\"},\"breadcrumb\":{\"@id\":\"https:\\\/\\\/cpraedcourse.com\\\/es\\\/free-cpr-class-online\\\/#breadcrumblist\"},\"datePublished\":\"2024-09-20T11:52:22+00:00\",\"dateModified\":\"2025-04-24T10:39:06+00:00\"},{\"@type\":\"WebSite\",\"@id\":\"https:\\\/\\\/cpraedcourse.com\\\/es\\\/#website\",\"url\":\"https:\\\/\\\/cpraedcourse.com\\\/es\\\/\",\"name\":\"CPR Certification Online | American Healthcare Academy\",\"alternateName\":\"cpraedcourse\",\"description\":\"Clases de capacitaci\\u00f3n en RCP - Academia de atenci\\u00f3n m\\u00e9dica - Certificaci\\u00f3n BLS en l\\u00ednea\",\"inLanguage\":\"es-ES\",\"publisher\":{\"@id\":\"https:\\\/\\\/cpraedcourse.com\\\/es\\\/#organization\"}}]}\n\t\t<\/script>\n\t\t<script type=\"text\/javascript\">\n\t\t\t(function(c,l,a,r,i,t,y){\n\t\t\tc[a]=c[a]||function(){(c[a].q=c[a].q||[]).push(arguments)};t=l.createElement(r);t.async=1;\n\t\t\tt.src=\"https:\/\/www.clarity.ms\/tag\/\"+i+\"?ref=aioseo\";y=l.getElementsByTagName(r)[0];y.parentNode.insertBefore(t,y);\n\t\t})(window, document, \"clarity\", \"script\", \"h8i9wmqjlw\");\n\t\t<\/script>\n\t\t<!-- All in One SEO Pro -->\r\n\t\t<title>Clase gratuita de RCP en l\u00ednea<\/title>\n\n","aioseo_head_json":{"title":"Clase gratuita de RCP en l\u00ednea","description":"","canonical_url":"https:\/\/cpraedcourse.com\/es\/free-cpr-class-online\/","robots":"max-image-preview:large","keywords":"","webmasterTools":{"google-site-verification":"8TQl1QwwF18nYMxX0M8LeR6U7YJtPumHSIWxAVTTokQ","msvalidate.01":"15CF5CA23A28A3EAFCCB4F7BF55C2193","yandex-verification":"3512739a059fad11","miscellaneous":""},"schema":{"@context":"https:\/\/schema.org","@graph":[{"@type":"BreadcrumbList","@id":"https:\/\/cpraedcourse.com\/es\/free-cpr-class-online\/#breadcrumblist","itemListElement":[{"@type":"ListItem","@id":"https:\/\/cpraedcourse.com\/es\/#listItem","position":1,"name":"Home","item":"https:\/\/cpraedcourse.com\/es\/","nextItem":{"@type":"ListItem","@id":"https:\/\/cpraedcourse.com\/es\/free-cpr-class-online\/#listItem","name":"Clase gratuita de RCP en l\u00ednea"}},{"@type":"ListItem","@id":"https:\/\/cpraedcourse.com\/es\/free-cpr-class-online\/#listItem","position":2,"name":"Clase gratuita de RCP en l\u00ednea","previousItem":{"@type":"ListItem","@id":"https:\/\/cpraedcourse.com\/es\/#listItem","name":"Home"}}]},{"@type":"Organization","@id":"https:\/\/cpraedcourse.com\/es\/#organization","name":"American Healthcare Academy","description":"Clases de capacitaci\u00f3n en RCP - Academia de atenci\u00f3n m\u00e9dica - Certificaci\u00f3n BLS en l\u00ednea","url":"https:\/\/cpraedcourse.com\/es\/","telephone":"+18176024502","logo":{"@type":"ImageObject","url":"https:\/\/cpraedcourse.com\/wp-content\/uploads\/2022\/04\/ahca-social-logo.jpg","@id":"https:\/\/cpraedcourse.com\/es\/free-cpr-class-online\/#organizationLogo","width":200,"height":200,"caption":"ahca-social-logo"},"image":{"@id":"https:\/\/cpraedcourse.com\/es\/free-cpr-class-online\/#organizationLogo"},"sameAs":["https:\/\/www.facebook.com\/CPRAEDCourses\/","https:\/\/twitter.com\/cpraedcourses","https:\/\/www.instagram.com\/cpraedcourses\/","https:\/\/www.youtube.com\/user\/cprcourse","https:\/\/www.linkedin.com\/company\/american-healthcare-academy"]},{"@type":"WebPage","@id":"https:\/\/cpraedcourse.com\/es\/free-cpr-class-online\/#webpage","url":"https:\/\/cpraedcourse.com\/es\/free-cpr-class-online\/","name":"Clase gratuita de RCP en l\u00ednea","inLanguage":"es-ES","isPartOf":{"@id":"https:\/\/cpraedcourse.com\/es\/#website"},"breadcrumb":{"@id":"https:\/\/cpraedcourse.com\/es\/free-cpr-class-online\/#breadcrumblist"},"datePublished":"2024-09-20T11:52:22+00:00","dateModified":"2025-04-24T10:39:06+00:00"},{"@type":"WebSite","@id":"https:\/\/cpraedcourse.com\/es\/#website","url":"https:\/\/cpraedcourse.com\/es\/","name":"CPR Certification Online | American Healthcare Academy","alternateName":"cpraedcourse","description":"Clases de capacitaci\u00f3n en RCP - Academia de atenci\u00f3n m\u00e9dica - Certificaci\u00f3n BLS en l\u00ednea","inLanguage":"es-ES","publisher":{"@id":"https:\/\/cpraedcourse.com\/es\/#organization"}}]},"og:locale":"es_ES","og:site_name":"Academia Estadounidense de Atenci\u00f3n de la Salud","og:type":"article","og:title":"Clase gratuita de RCP en l\u00ednea","og:url":"https:\/\/cpraedcourse.com\/es\/free-cpr-class-online\/","og:image":"https:\/\/cpraedcourse.com\/wp-content\/uploads\/2022\/04\/ahca-social-logo.jpg","og:image:secure_url":"https:\/\/cpraedcourse.com\/wp-content\/uploads\/2022\/04\/ahca-social-logo.jpg","og:image:width":200,"og:image:height":200,"article:published_time":"2024-09-20T11:52:22+00:00","article:modified_time":"2025-04-24T10:39:06+00:00","article:publisher":"https:\/\/www.facebook.com\/CPRAEDCourses\/","twitter:card":"summary_large_image","twitter:site":"@cpraedcourses","twitter:title":"Clase gratuita de RCP en l\u00ednea","twitter:creator":"@cpraedcourses","twitter:image":"https:\/\/cpraedcourse.com\/wp-content\/uploads\/2022\/04\/ahca-social-logo.jpg","twitter:label1":"Escrito por","twitter:data1":"Rameez"},"aioseo_meta_data":{"post_id":"95816","title":null,"description":null,"keywords":null,"keyphrases":{"focus":{"keyphrase":"","score":0,"analysis":{"keyphraseInTitle":{"score":0,"maxScore":9,"error":1}}},"additional":[]},"primary_term":null,"canonical_url":null,"og_title":null,"og_description":null,"og_object_type":"default","og_image_type":"default","og_image_url":null,"og_image_width":null,"og_image_height":null,"og_image_custom_url":null,"og_image_custom_fields":null,"og_video":"","og_custom_url":null,"og_article_section":null,"og_article_tags":null,"twitter_use_og":false,"twitter_card":"default","twitter_image_type":"default","twitter_image_url":null,"twitter_image_custom_url":null,"twitter_image_custom_fields":null,"twitter_title":null,"twitter_description":null,"schema":{"blockGraphs":[],"customGraphs":[],"default":{"data":{"Article":[],"Course":[],"Dataset":[],"FAQPage":[],"Movie":[],"Person":[],"Product":[],"ProductReview":[],"Car":[],"Recipe":[],"Service":[],"SoftwareApplication":[],"WebPage":[]},"graphName":"WebPage","isEnabled":true},"graphs":[]},"schema_type":"default","schema_type_options":null,"pillar_content":false,"robots_default":true,"robots_noindex":false,"robots_noarchive":false,"robots_nosnippet":false,"robots_nofollow":false,"robots_noimageindex":false,"robots_noodp":false,"robots_notranslate":false,"robots_max_snippet":"-1","robots_max_videopreview":"-1","robots_max_imagepreview":"large","priority":null,"frequency":"default","local_seo":null,"seo_analyzer_scan_date":"2025-10-13 13:45:33","limit_modified_date":false,"open_ai":"{\"title\":{\"suggestions\":[],\"usage\":0},\"description\":{\"suggestions\":[],\"usage\":0}}","ai":null,"created":"2024-09-20 11:52:23","updated":"2025-10-13 13:45:33"},"aioseo_breadcrumb":"<div class=\"aioseo-breadcrumbs\"><span class=\"aioseo-breadcrumb\">\n\t<a href=\"https:\/\/cpraedcourse.com\/es\/\" title=\"Home\">Home<\/a>\n<\/span><span class=\"aioseo-breadcrumb-separator\">\u00bb<\/span><span class=\"aioseo-breadcrumb\">\n\tClase gratuita de RCP en l\u00ednea\n<\/span><\/div>","aioseo_breadcrumb_json":[{"label":"Home","link":"https:\/\/cpraedcourse.com\/es\/"},{"label":"Clase gratuita de RCP en l\u00ednea","link":"https:\/\/cpraedcourse.com\/es\/free-cpr-class-online\/"}],"_links":{"self":[{"href":"https:\/\/cpraedcourse.com\/es\/wp-json\/wp\/v2\/pages\/95816","targetHints":{"allow":["GET"]}}],"collection":[{"href":"https:\/\/cpraedcourse.com\/es\/wp-json\/wp\/v2\/pages"}],"about":[{"href":"https:\/\/cpraedcourse.com\/es\/wp-json\/wp\/v2\/types\/page"}],"author":[{"embeddable":true,"href":"https:\/\/cpraedcourse.com\/es\/wp-json\/wp\/v2\/users\/28"}],"replies":[{"embeddable":true,"href":"https:\/\/cpraedcourse.com\/es\/wp-json\/wp\/v2\/comments?post=95816"}],"version-history":[{"count":0,"href":"https:\/\/cpraedcourse.com\/es\/wp-json\/wp\/v2\/pages\/95816\/revisions"}],"wp:attachment":[{"href":"https:\/\/cpraedcourse.com\/es\/wp-json\/wp\/v2\/media?parent=95816"}],"curies":[{"name":"wp","href":"https:\/\/api.w.org\/{rel}","templated":true}]}}