{"id":85709,"date":"2024-01-12T13:09:49","date_gmt":"2024-01-12T13:09:49","guid":{"rendered":"https:\/\/cpraedcourse.com\/curso-de-rcp-dea-para-el-cuidado-de-la-salud-3\/"},"modified":"2024-01-25T06:06:37","modified_gmt":"2024-01-25T06:06:37","slug":"curso-de-rcp-dea-para-el-cuidado-de-la-salud-3","status":"publish","type":"page","link":"https:\/\/cpraedcourse.com\/es\/test\/course\/healthcare-provider\/1\/","title":{"rendered":"Curso de RCP\/DEA para el cuidado de la salud"},"content":{"rendered":"","protected":true},"excerpt":{"rendered":"","protected":true},"author":26,"featured_media":0,"parent":0,"menu_order":0,"comment_status":"closed","ping_status":"closed","template":"elementor_header_footer","meta":{"_acf_changed":false,"inline_featured_image":false,"footnotes":""},"class_list":["post-85709","page","type-page","status-publish","post-password-required","hentry"],"acf":[],"aioseo_notices":[],"aioseo_head":"\n\t\t<!-- All in One SEO Pro 4.9.5.2 - aioseo.com -->\n\t<meta name=\"robots\" content=\"max-image-preview:large\" \/>\n\t<meta name=\"google-site-verification\" content=\"8TQl1QwwF18nYMxX0M8LeR6U7YJtPumHSIWxAVTTokQ\" \/>\n\t<meta name=\"msvalidate.01\" content=\"15CF5CA23A28A3EAFCCB4F7BF55C2193\" \/>\n\t<meta name=\"yandex-verification\" content=\"3512739a059fad11\" \/>\n\t<link rel=\"canonical\" href=\"https:\/\/cpraedcourse.com\/es\/test\/course\/healthcare-provider\/1\/\" \/>\n\t<meta name=\"generator\" content=\"All in One SEO Pro (AIOSEO) 4.9.5.2\" \/>\n\t\t<meta property=\"og:locale\" content=\"es_ES\" \/>\n\t\t<meta property=\"og:site_name\" content=\"Academia Estadounidense de Atenci\u00f3n de la Salud\" \/>\n\t\t<meta property=\"og:type\" content=\"article\" \/>\n\t\t<meta property=\"og:title\" content=\"Protegido: Curso de RCP\/DEA para el cuidado de la salud\" \/>\n\t\t<meta property=\"og:url\" content=\"https:\/\/cpraedcourse.com\/es\/test\/course\/healthcare-provider\/1\/\" \/>\n\t\t<meta property=\"og:image\" content=\"https:\/\/cpraedcourse.com\/wp-content\/uploads\/2022\/04\/ahca-social-logo.jpg\" \/>\n\t\t<meta property=\"og:image:secure_url\" content=\"https:\/\/cpraedcourse.com\/wp-content\/uploads\/2022\/04\/ahca-social-logo.jpg\" \/>\n\t\t<meta property=\"og:image:width\" content=\"200\" \/>\n\t\t<meta property=\"og:image:height\" content=\"200\" \/>\n\t\t<meta property=\"article:published_time\" content=\"2024-01-12T13:09:49+00:00\" \/>\n\t\t<meta property=\"article:modified_time\" content=\"2024-01-25T06:06:37+00:00\" \/>\n\t\t<meta property=\"article:publisher\" content=\"https:\/\/www.facebook.com\/CPRAEDCourses\/\" \/>\n\t\t<meta name=\"twitter:card\" content=\"summary_large_image\" \/>\n\t\t<meta name=\"twitter:site\" content=\"@cpraedcourses\" \/>\n\t\t<meta name=\"twitter:title\" content=\"Protegido: Curso de RCP\/DEA para el cuidado de la salud\" \/>\n\t\t<meta name=\"twitter:creator\" content=\"@cpraedcourses\" \/>\n\t\t<meta name=\"twitter:image\" content=\"https:\/\/cpraedcourse.com\/wp-content\/uploads\/2022\/04\/ahca-social-logo.jpg\" \/>\n\t\t<meta name=\"twitter:label1\" content=\"Escrito por\" \/>\n\t\t<meta name=\"twitter:data1\" content=\"admin\" \/>\n\t\t<meta name=\"twitter:label2\" content=\"Tiempo de lectura estimado\" \/>\n\t\t<meta name=\"twitter:data2\" content=\"3 minutos\" \/>\n\t\t<script type=\"application\/ld+json\" class=\"aioseo-schema\">\n\t\t\t{\"@context\":\"https:\\\/\\\/schema.org\",\"@graph\":[{\"@type\":\"BreadcrumbList\",\"@id\":\"https:\\\/\\\/cpraedcourse.com\\\/es\\\/test\\\/course\\\/healthcare-provider\\\/1\\\/#breadcrumblist\",\"itemListElement\":[{\"@type\":\"ListItem\",\"@id\":\"https:\\\/\\\/cpraedcourse.com\\\/es\\\/#listItem\",\"position\":1,\"name\":\"Home\",\"item\":\"https:\\\/\\\/cpraedcourse.com\\\/es\\\/\",\"nextItem\":{\"@type\":\"ListItem\",\"@id\":\"https:\\\/\\\/cpraedcourse.com\\\/es\\\/test\\\/course\\\/healthcare-provider\\\/1\\\/#listItem\",\"name\":\"Protegido: Curso de RCP\\\/DEA para el cuidado de la salud\"}},{\"@type\":\"ListItem\",\"@id\":\"https:\\\/\\\/cpraedcourse.com\\\/es\\\/test\\\/course\\\/healthcare-provider\\\/1\\\/#listItem\",\"position\":2,\"name\":\"Protegido: Curso de RCP\\\/DEA para el cuidado de la salud\",\"previousItem\":{\"@type\":\"ListItem\",\"@id\":\"https:\\\/\\\/cpraedcourse.com\\\/es\\\/#listItem\",\"name\":\"Home\"}}]},{\"@type\":\"Organization\",\"@id\":\"https:\\\/\\\/cpraedcourse.com\\\/es\\\/#organization\",\"name\":\"American Healthcare Academy\",\"description\":\"Clases de capacitaci\\u00f3n en RCP - Academia de atenci\\u00f3n m\\u00e9dica - Certificaci\\u00f3n BLS en l\\u00ednea\",\"url\":\"https:\\\/\\\/cpraedcourse.com\\\/es\\\/\",\"telephone\":\"+18176024502\",\"logo\":{\"@type\":\"ImageObject\",\"url\":\"https:\\\/\\\/cpraedcourse.com\\\/wp-content\\\/uploads\\\/2022\\\/04\\\/ahca-social-logo.jpg\",\"@id\":\"https:\\\/\\\/cpraedcourse.com\\\/es\\\/test\\\/course\\\/healthcare-provider\\\/1\\\/#organizationLogo\",\"width\":200,\"height\":200,\"caption\":\"ahca-social-logo\"},\"image\":{\"@id\":\"https:\\\/\\\/cpraedcourse.com\\\/es\\\/test\\\/course\\\/healthcare-provider\\\/1\\\/#organizationLogo\"},\"sameAs\":[\"https:\\\/\\\/www.facebook.com\\\/CPRAEDCourses\\\/\",\"https:\\\/\\\/twitter.com\\\/cpraedcourses\",\"https:\\\/\\\/www.instagram.com\\\/cpraedcourses\\\/\",\"https:\\\/\\\/www.youtube.com\\\/user\\\/cprcourse\",\"https:\\\/\\\/www.linkedin.com\\\/company\\\/american-healthcare-academy\"]},{\"@type\":\"WebPage\",\"@id\":\"https:\\\/\\\/cpraedcourse.com\\\/es\\\/test\\\/course\\\/healthcare-provider\\\/1\\\/#webpage\",\"url\":\"https:\\\/\\\/cpraedcourse.com\\\/es\\\/test\\\/course\\\/healthcare-provider\\\/1\\\/\",\"name\":\"Protegido: Curso de RCP\\\/DEA para el cuidado de la salud\",\"inLanguage\":\"es-ES\",\"isPartOf\":{\"@id\":\"https:\\\/\\\/cpraedcourse.com\\\/es\\\/#website\"},\"breadcrumb\":{\"@id\":\"https:\\\/\\\/cpraedcourse.com\\\/es\\\/test\\\/course\\\/healthcare-provider\\\/1\\\/#breadcrumblist\"},\"datePublished\":\"2024-01-12T13:09:49+00:00\",\"dateModified\":\"2024-01-25T06:06:37+00:00\"},{\"@type\":\"WebSite\",\"@id\":\"https:\\\/\\\/cpraedcourse.com\\\/es\\\/#website\",\"url\":\"https:\\\/\\\/cpraedcourse.com\\\/es\\\/\",\"name\":\"CPR Certification Online | American Healthcare Academy\",\"alternateName\":\"cpraedcourse\",\"description\":\"Clases de capacitaci\\u00f3n en RCP - Academia de atenci\\u00f3n m\\u00e9dica - Certificaci\\u00f3n BLS en l\\u00ednea\",\"inLanguage\":\"es-ES\",\"publisher\":{\"@id\":\"https:\\\/\\\/cpraedcourse.com\\\/es\\\/#organization\"}}]}\n\t\t<\/script>\n\t\t<script type=\"text\/javascript\">\n\t\t\t(function(c,l,a,r,i,t,y){\n\t\t\tc[a]=c[a]||function(){(c[a].q=c[a].q||[]).push(arguments)};t=l.createElement(r);t.async=1;\n\t\t\tt.src=\"https:\/\/www.clarity.ms\/tag\/\"+i+\"?ref=aioseo\";y=l.getElementsByTagName(r)[0];y.parentNode.insertBefore(t,y);\n\t\t})(window, document, \"clarity\", \"script\", \"h8i9wmqjlw\");\n\t\t<\/script>\n\t\t<!-- All in One SEO Pro -->\r\n\t\t<title>Protegido: Curso de RCP\/DEA para el cuidado de la salud<\/title>\n\n","aioseo_head_json":{"title":"Protegido: Curso de RCP\/DEA para el cuidado de la salud","description":"","canonical_url":"https:\/\/cpraedcourse.com\/es\/test\/course\/healthcare-provider\/1\/","robots":"max-image-preview:large","keywords":"","webmasterTools":{"google-site-verification":"8TQl1QwwF18nYMxX0M8LeR6U7YJtPumHSIWxAVTTokQ","msvalidate.01":"15CF5CA23A28A3EAFCCB4F7BF55C2193","yandex-verification":"3512739a059fad11","miscellaneous":""},"schema":{"@context":"https:\/\/schema.org","@graph":[{"@type":"BreadcrumbList","@id":"https:\/\/cpraedcourse.com\/es\/test\/course\/healthcare-provider\/1\/#breadcrumblist","itemListElement":[{"@type":"ListItem","@id":"https:\/\/cpraedcourse.com\/es\/#listItem","position":1,"name":"Home","item":"https:\/\/cpraedcourse.com\/es\/","nextItem":{"@type":"ListItem","@id":"https:\/\/cpraedcourse.com\/es\/test\/course\/healthcare-provider\/1\/#listItem","name":"Protegido: Curso de RCP\/DEA para el cuidado de la salud"}},{"@type":"ListItem","@id":"https:\/\/cpraedcourse.com\/es\/test\/course\/healthcare-provider\/1\/#listItem","position":2,"name":"Protegido: Curso de RCP\/DEA para el cuidado de la salud","previousItem":{"@type":"ListItem","@id":"https:\/\/cpraedcourse.com\/es\/#listItem","name":"Home"}}]},{"@type":"Organization","@id":"https:\/\/cpraedcourse.com\/es\/#organization","name":"American Healthcare Academy","description":"Clases de capacitaci\u00f3n en RCP - Academia de atenci\u00f3n m\u00e9dica - Certificaci\u00f3n BLS en l\u00ednea","url":"https:\/\/cpraedcourse.com\/es\/","telephone":"+18176024502","logo":{"@type":"ImageObject","url":"https:\/\/cpraedcourse.com\/wp-content\/uploads\/2022\/04\/ahca-social-logo.jpg","@id":"https:\/\/cpraedcourse.com\/es\/test\/course\/healthcare-provider\/1\/#organizationLogo","width":200,"height":200,"caption":"ahca-social-logo"},"image":{"@id":"https:\/\/cpraedcourse.com\/es\/test\/course\/healthcare-provider\/1\/#organizationLogo"},"sameAs":["https:\/\/www.facebook.com\/CPRAEDCourses\/","https:\/\/twitter.com\/cpraedcourses","https:\/\/www.instagram.com\/cpraedcourses\/","https:\/\/www.youtube.com\/user\/cprcourse","https:\/\/www.linkedin.com\/company\/american-healthcare-academy"]},{"@type":"WebPage","@id":"https:\/\/cpraedcourse.com\/es\/test\/course\/healthcare-provider\/1\/#webpage","url":"https:\/\/cpraedcourse.com\/es\/test\/course\/healthcare-provider\/1\/","name":"Protegido: Curso de RCP\/DEA para el cuidado de la salud","inLanguage":"es-ES","isPartOf":{"@id":"https:\/\/cpraedcourse.com\/es\/#website"},"breadcrumb":{"@id":"https:\/\/cpraedcourse.com\/es\/test\/course\/healthcare-provider\/1\/#breadcrumblist"},"datePublished":"2024-01-12T13:09:49+00:00","dateModified":"2024-01-25T06:06:37+00:00"},{"@type":"WebSite","@id":"https:\/\/cpraedcourse.com\/es\/#website","url":"https:\/\/cpraedcourse.com\/es\/","name":"CPR Certification Online | American Healthcare Academy","alternateName":"cpraedcourse","description":"Clases de capacitaci\u00f3n en RCP - Academia de atenci\u00f3n m\u00e9dica - Certificaci\u00f3n BLS en l\u00ednea","inLanguage":"es-ES","publisher":{"@id":"https:\/\/cpraedcourse.com\/es\/#organization"}}]},"og:locale":"es_ES","og:site_name":"Academia Estadounidense de Atenci\u00f3n de la Salud","og:type":"article","og:title":"Protegido: Curso de RCP\/DEA para el cuidado de la salud","og:url":"https:\/\/cpraedcourse.com\/es\/test\/course\/healthcare-provider\/1\/","og:image":"https:\/\/cpraedcourse.com\/wp-content\/uploads\/2022\/04\/ahca-social-logo.jpg","og:image:secure_url":"https:\/\/cpraedcourse.com\/wp-content\/uploads\/2022\/04\/ahca-social-logo.jpg","og:image:width":200,"og:image:height":200,"article:published_time":"2024-01-12T13:09:49+00:00","article:modified_time":"2024-01-25T06:06:37+00:00","article:publisher":"https:\/\/www.facebook.com\/CPRAEDCourses\/","twitter:card":"summary_large_image","twitter:site":"@cpraedcourses","twitter:title":"Protegido: Curso de RCP\/DEA para el cuidado de la salud","twitter:creator":"@cpraedcourses","twitter:image":"https:\/\/cpraedcourse.com\/wp-content\/uploads\/2022\/04\/ahca-social-logo.jpg","twitter:label1":"Escrito por","twitter:data1":"admin","twitter:label2":"Tiempo de lectura estimado","twitter:data2":"3 minutos"},"aioseo_meta_data":{"post_id":"85709","title":null,"description":null,"keywords":[],"keyphrases":{"focus":{"keyphrase":"","score":0,"analysis":{"keyphraseInTitle":{"score":0,"maxScore":9,"error":1}}},"additional":[]},"primary_term":null,"canonical_url":null,"og_title":null,"og_description":null,"og_object_type":"default","og_image_type":"default","og_image_url":null,"og_image_width":null,"og_image_height":null,"og_image_custom_url":null,"og_image_custom_fields":null,"og_video":"","og_custom_url":null,"og_article_section":null,"og_article_tags":[],"twitter_use_og":false,"twitter_card":"default","twitter_image_type":"default","twitter_image_url":null,"twitter_image_custom_url":null,"twitter_image_custom_fields":null,"twitter_title":null,"twitter_description":null,"schema":{"blockGraphs":[],"customGraphs":[],"default":{"data":{"Article":[],"Course":[],"Dataset":[],"FAQPage":[],"Movie":[],"Person":[],"Product":[],"ProductReview":[],"Car":[],"Recipe":[],"Service":[],"SoftwareApplication":[],"WebPage":[]},"graphName":"WebPage","isEnabled":true},"graphs":[]},"schema_type":"default","schema_type_options":null,"pillar_content":false,"robots_default":true,"robots_noindex":false,"robots_noarchive":false,"robots_nosnippet":false,"robots_nofollow":false,"robots_noimageindex":false,"robots_noodp":false,"robots_notranslate":false,"robots_max_snippet":"-1","robots_max_videopreview":"-1","robots_max_imagepreview":"large","priority":null,"frequency":"default","local_seo":null,"seo_analyzer_scan_date":"2025-10-13 13:30:41","limit_modified_date":false,"open_ai":"{\"title\":{\"suggestions\":[],\"usage\":0},\"description\":{\"suggestions\":[],\"usage\":0}}","ai":null,"created":"2024-01-12 13:09:49","updated":"2025-10-13 13:30:41"},"aioseo_breadcrumb":"<div class=\"aioseo-breadcrumbs\"><span class=\"aioseo-breadcrumb\">\n\t<a href=\"https:\/\/cpraedcourse.com\/es\/\" title=\"Home\">Home<\/a>\n<\/span><span class=\"aioseo-breadcrumb-separator\">\u00bb<\/span><span class=\"aioseo-breadcrumb\">\n\tProtegido: Curso de RCP\/DEA para el cuidado de la salud\n<\/span><\/div>","aioseo_breadcrumb_json":[{"label":"Home","link":"https:\/\/cpraedcourse.com\/es\/"},{"label":"Protegido: Curso de RCP\/DEA para el cuidado de la salud","link":"https:\/\/cpraedcourse.com\/es\/test\/course\/healthcare-provider\/1\/"}],"_links":{"self":[{"href":"https:\/\/cpraedcourse.com\/es\/wp-json\/wp\/v2\/pages\/85709","targetHints":{"allow":["GET"]}}],"collection":[{"href":"https:\/\/cpraedcourse.com\/es\/wp-json\/wp\/v2\/pages"}],"about":[{"href":"https:\/\/cpraedcourse.com\/es\/wp-json\/wp\/v2\/types\/page"}],"author":[{"embeddable":true,"href":"https:\/\/cpraedcourse.com\/es\/wp-json\/wp\/v2\/users\/26"}],"replies":[{"embeddable":true,"href":"https:\/\/cpraedcourse.com\/es\/wp-json\/wp\/v2\/comments?post=85709"}],"version-history":[{"count":0,"href":"https:\/\/cpraedcourse.com\/es\/wp-json\/wp\/v2\/pages\/85709\/revisions"}],"wp:attachment":[{"href":"https:\/\/cpraedcourse.com\/es\/wp-json\/wp\/v2\/media?parent=85709"}],"curies":[{"name":"wp","href":"https:\/\/api.w.org\/{rel}","templated":true}]}}