{"id":15279,"date":"2022-02-07T17:06:36","date_gmt":"2022-02-07T17:06:36","guid":{"rendered":"https:\/\/delta.cpraedcourse.com\/solicite-una-tarjeta-de-certificacion-de-rcp-de-reemplazo%ef%bf%bc\/"},"modified":"2025-04-10T14:13:02","modified_gmt":"2025-04-10T14:13:02","slug":"solicite-una-tarjeta-de-certificacion-de-rcp-de-reemplazo-2","status":"publish","type":"page","link":"https:\/\/cpraedcourse.com\/es\/solicite-una-tarjeta-de-certificacion-de-rcp-de-reemplazo\/","title":{"rendered":"Solicite una tarjeta de certificaci\u00f3n de RCP de reemplazo"},"content":{"rendered":"\t\t<div data-elementor-type=\"wp-page\" data-elementor-id=\"15279\" class=\"elementor elementor-15279 elementor-8064\" data-elementor-post-type=\"page\">\n\t\t\t\t\t\t<section class=\"elementor-section elementor-top-section elementor-element elementor-element-397fc30 elementor-section-boxed elementor-section-height-default elementor-section-height-default\" data-id=\"397fc30\" data-element_type=\"section\" data-e-type=\"section\" data-settings=\"{&quot;background_background&quot;:&quot;classic&quot;}\">\n\t\t\t\t\t\t<div class=\"elementor-container elementor-column-gap-default\">\n\t\t\t\t\t<div class=\"elementor-column elementor-col-100 elementor-top-column elementor-element elementor-element-774f0ec\" data-id=\"774f0ec\" data-element_type=\"column\" data-e-type=\"column\">\n\t\t\t<div class=\"elementor-widget-wrap elementor-element-populated\">\n\t\t\t\t\t\t<div class=\"elementor-element elementor-element-bc9041e elementor-widget elementor-widget-shortcode\" data-id=\"bc9041e\" data-element_type=\"widget\" data-e-type=\"widget\" data-widget_type=\"shortcode.default\">\n\t\t\t\t\t\t\t<div class=\"elementor-shortcode\"><div class=\"aioseo-breadcrumbs\"><span class=\"aioseo-breadcrumb\">\n\tHome\n<\/span><\/div><\/div>\n\t\t\t\t\t\t<\/div>\n\t\t\t\t\t<\/div>\n\t\t<\/div>\n\t\t\t\t\t<\/div>\n\t\t<\/section>\n\t\t\t\t<section class=\"elementor-section elementor-top-section elementor-element elementor-element-6f12b5d elementor-section-boxed elementor-section-height-default elementor-section-height-default\" data-id=\"6f12b5d\" data-element_type=\"section\" data-e-type=\"section\">\n\t\t\t\t\t\t<div class=\"elementor-container elementor-column-gap-default\">\n\t\t\t\t\t<div class=\"elementor-column elementor-col-100 elementor-top-column elementor-element elementor-element-7c96b99\" data-id=\"7c96b99\" data-element_type=\"column\" data-e-type=\"column\">\n\t\t\t<div class=\"elementor-widget-wrap elementor-element-populated\">\n\t\t\t\t\t\t<div class=\"elementor-element elementor-element-7e630ed elementor-widget elementor-widget-heading\" data-id=\"7e630ed\" data-element_type=\"widget\" data-e-type=\"widget\" data-widget_type=\"heading.default\">\n\t\t\t\t\t<h1 class=\"elementor-heading-title elementor-size-default\">Solicite una tarjeta de certificaci\u00f3n de RCP de reemplazo<\/h1>\t\t\t\t<\/div>\n\t\t\t\t\t<\/div>\n\t\t<\/div>\n\t\t\t\t\t<\/div>\n\t\t<\/section>\n\t\t\t\t<section class=\"elementor-section elementor-top-section elementor-element elementor-element-573c496 elementor-section-boxed elementor-section-height-default elementor-section-height-default\" data-id=\"573c496\" data-element_type=\"section\" data-e-type=\"section\" data-settings=\"{&quot;background_background&quot;:&quot;classic&quot;}\">\n\t\t\t\t\t\t<div class=\"elementor-container elementor-column-gap-default\">\n\t\t\t\t\t<div class=\"elementor-column elementor-col-100 elementor-top-column elementor-element elementor-element-169779b\" data-id=\"169779b\" data-element_type=\"column\" data-e-type=\"column\">\n\t\t\t<div class=\"elementor-widget-wrap elementor-element-populated\">\n\t\t\t\t\t\t<div class=\"elementor-element elementor-element-1a27dcb elementor-widget elementor-widget-text-editor\" data-id=\"1a27dcb\" data-element_type=\"widget\" data-e-type=\"widget\" data-widget_type=\"text-editor.default\">\n\t\t\t\t\t\t\t\t\t<p>Nuestra tarjeta de certificaci\u00f3n de CPR es aceptada a nivel nacional y tiene una validez de dos a\u00f1os. Tambi\u00e9n puede recibir una tarjeta de certificaci\u00f3n de RCP para billetera cuando complete un curso de renovaci\u00f3n de RCP o un curso de renovaci\u00f3n de Primeros Auxilios.<\/p>\n<p>Si extrav\u00eda o pierde su tarjeta de certificaci\u00f3n de RCP o Primeros Auxilios, puede solicitar una tarjeta de certificaci\u00f3n de reemplazo. Puede calificar para una tarjeta de reemplazo y un certificado de CPR si compr\u00f3 una vez que complet\u00f3 el curso de certificaci\u00f3n en l\u00ednea. Ofrecemos tarjetas de reemplazo para RCP, primeros auxilios, pat\u00f3genos transmitidos por la sangre y todos los dem\u00e1s cursos en l\u00ednea que tenemos para ofrecer.<\/p>\n\t\t\t\t\t\t\t\t<\/div>\n\t\t\t\t\t<\/div>\n\t\t<\/div>\n\t\t\t\t\t<\/div>\n\t\t<\/section>\n\t\t\t\t<section class=\"elementor-section elementor-top-section elementor-element elementor-element-d0ee553 elementor-section-boxed elementor-section-height-default elementor-section-height-default\" data-id=\"d0ee553\" data-element_type=\"section\" data-e-type=\"section\" data-settings=\"{&quot;background_background&quot;:&quot;classic&quot;}\">\n\t\t\t\t\t\t<div class=\"elementor-container elementor-column-gap-default\">\n\t\t\t\t\t<div class=\"elementor-column elementor-col-100 elementor-top-column elementor-element elementor-element-6f8b11d\" data-id=\"6f8b11d\" data-element_type=\"column\" data-e-type=\"column\">\n\t\t\t<div class=\"elementor-widget-wrap elementor-element-populated\">\n\t\t\t\t\t\t<div class=\"elementor-element elementor-element-573fc1d elementor-widget elementor-widget-heading\" data-id=\"573fc1d\" data-element_type=\"widget\" data-e-type=\"widget\" data-widget_type=\"heading.default\">\n\t\t\t\t\t<h2 class=\"elementor-heading-title elementor-size-default\">Cont\u00e1ctenos inmediatamente<\/h2>\t\t\t\t<\/div>\n\t\t\t\t<div class=\"elementor-element elementor-element-7e5cd48 elementor-widget elementor-widget-text-editor\" data-id=\"7e5cd48\" data-element_type=\"widget\" data-e-type=\"widget\" data-widget_type=\"text-editor.default\">\n\t\t\t\t\t\t\t\t\t<p>Sabemos que trabaja arduamente para completar su curso de certificaci\u00f3n, por lo que le facilitamos la obtenci\u00f3n de una tarjeta y\/o certificado de reemplazo.<\/p>\n<p>Puede visitar nuestra p\u00e1gina Cont\u00e1ctenos y enviarnos un correo electr\u00f3nico para solicitar un reemplazo. O puede comunicarse con nuestro departamento de servicio al cliente al <strong>1-888-277-7865<\/strong> . \u00a1Nuestros representantes de ventas podr\u00e1n procesar su solicitud de tarjeta de reemplazo, con una tarifa de $ 4.99, y enviarle otra copia impresa de su tarjeta de certificaci\u00f3n de inmediato!<\/p>\n<p>Ll\u00e1menos dentro de 7 a 10 d\u00edas si no ha recibido su tarjeta de certificaci\u00f3n de billetera despu\u00e9s de la compra inicial.<\/p>\t\t\t\t\t\t\t\t<\/div>\n\t\t\t\t\t<\/div>\n\t\t<\/div>\n\t\t\t\t\t<\/div>\n\t\t<\/section>\n\t\t\t\t<section class=\"elementor-section elementor-top-section elementor-element elementor-element-eb80ba9 elementor-section-boxed elementor-section-height-default elementor-section-height-default\" data-id=\"eb80ba9\" data-element_type=\"section\" data-e-type=\"section\">\n\t\t\t\t\t\t<div class=\"elementor-container elementor-column-gap-default\">\n\t\t\t\t\t<div class=\"elementor-column elementor-col-100 elementor-top-column elementor-element elementor-element-5efd30d\" data-id=\"5efd30d\" data-element_type=\"column\" data-e-type=\"column\">\n\t\t\t<div class=\"elementor-widget-wrap elementor-element-populated\">\n\t\t\t\t\t\t<div class=\"elementor-element elementor-element-9150624 elementor-align-center elementor-widget elementor-widget-button\" data-id=\"9150624\" data-element_type=\"widget\" data-e-type=\"widget\" data-widget_type=\"button.default\">\n\t\t\t\t\t\t\t\t\t\t<a class=\"elementor-button elementor-button-link elementor-size-sm elementor-animation-bob\" href=\"https:\/\/cpraedcourse.com\/es\/contactus\/\">\n\t\t\t\t\t\t<span class=\"elementor-button-content-wrapper\">\n\t\t\t\t\t\t\t\t\t<span class=\"elementor-button-text\">Cont\u00e1ctenos<\/span>\n\t\t\t\t\t<\/span>\n\t\t\t\t\t<\/a>\n\t\t\t\t\t\t\t\t<\/div>\n\t\t\t\t\t<\/div>\n\t\t<\/div>\n\t\t\t\t\t<\/div>\n\t\t<\/section>\n\t\t\t\t<\/div>\n\t\t","protected":false},"excerpt":{"rendered":"<p>Solicite una tarjeta de certificaci\u00f3n de RCP de reemplazo Nuestra tarjeta de certificaci\u00f3n de CPR es aceptada a nivel nacional y tiene una validez de dos a\u00f1os. Tambi\u00e9n puede recibir una tarjeta de certificaci\u00f3n de RCP para billetera cuando complete un curso de renovaci\u00f3n de RCP o un curso de renovaci\u00f3n de Primeros Auxilios. Si [&hellip;]<\/p>\n","protected":false},"author":26,"featured_media":0,"parent":0,"menu_order":0,"comment_status":"closed","ping_status":"closed","template":"elementor_header_footer","meta":{"_acf_changed":false,"inline_featured_image":false,"footnotes":""},"class_list":["post-15279","page","type-page","status-publish","hentry"],"acf":[],"aioseo_notices":[],"aioseo_head":"\n\t\t<!-- All in One SEO Pro 4.9.5.2 - aioseo.com -->\n\t<meta name=\"description\" content=\"Ha extraviado o perdido su tarjeta de certificaci\u00f3n de RCP? American Health Care Academy ofrece una tarjeta de reemplazo y un certificado de RCP para RCP, Primeros Auxilios, Pat\u00f3genos Transmitidos por la Sangre y todos los dem\u00e1s cursos en l\u00ednea si compr\u00f3 despu\u00e9s de completar el curso de certificaci\u00f3n en l\u00ednea.\" \/>\n\t<meta name=\"robots\" content=\"max-image-preview:large\" \/>\n\t<meta name=\"google-site-verification\" content=\"8TQl1QwwF18nYMxX0M8LeR6U7YJtPumHSIWxAVTTokQ\" \/>\n\t<meta name=\"msvalidate.01\" content=\"15CF5CA23A28A3EAFCCB4F7BF55C2193\" \/>\n\t<meta name=\"yandex-verification\" content=\"3512739a059fad11\" \/>\n\t<link rel=\"canonical\" href=\"https:\/\/cpraedcourse.com\/es\/solicite-una-tarjeta-de-certificacion-de-rcp-de-reemplazo\/\" \/>\n\t<meta name=\"generator\" content=\"All in One SEO Pro (AIOSEO) 4.9.5.2\" \/>\n\t\t<meta property=\"og:locale\" content=\"es_ES\" \/>\n\t\t<meta property=\"og:site_name\" content=\"Academia Estadounidense de Atenci\u00f3n de la Salud\" \/>\n\t\t<meta property=\"og:type\" content=\"article\" \/>\n\t\t<meta property=\"og:title\" content=\"Tarjetas De Reemplazo - Academia Estadounidense De Atenci\u00f3n De La Salud\" \/>\n\t\t<meta property=\"og:description\" content=\"Ha extraviado o perdido su tarjeta de certificaci\u00f3n de RCP? American Health Care Academy ofrece una tarjeta de reemplazo y un certificado de RCP para RCP, Primeros Auxilios, Pat\u00f3genos Transmitidos por la Sangre y todos los dem\u00e1s cursos en l\u00ednea si compr\u00f3 despu\u00e9s de completar el curso de certificaci\u00f3n en l\u00ednea.\" \/>\n\t\t<meta property=\"og:url\" content=\"https:\/\/cpraedcourse.com\/es\/solicite-una-tarjeta-de-certificacion-de-rcp-de-reemplazo\/\" \/>\n\t\t<meta property=\"og:image\" content=\"https:\/\/cpraedcourse.com\/wp-content\/uploads\/2022\/04\/ahca-social-logo.jpg\" \/>\n\t\t<meta property=\"og:image:secure_url\" content=\"https:\/\/cpraedcourse.com\/wp-content\/uploads\/2022\/04\/ahca-social-logo.jpg\" \/>\n\t\t<meta property=\"og:image:width\" content=\"200\" \/>\n\t\t<meta property=\"og:image:height\" content=\"200\" \/>\n\t\t<meta property=\"article:published_time\" content=\"2022-02-07T17:06:36+00:00\" \/>\n\t\t<meta property=\"article:modified_time\" content=\"2025-04-10T14:13:02+00:00\" \/>\n\t\t<meta property=\"article:publisher\" content=\"https:\/\/www.facebook.com\/CPRAEDCourses\/\" \/>\n\t\t<meta name=\"twitter:card\" content=\"summary_large_image\" \/>\n\t\t<meta name=\"twitter:site\" content=\"@cpraedcourses\" \/>\n\t\t<meta name=\"twitter:title\" content=\"Tarjetas de reemplazo - Academia Estadounidense de Atenci\u00f3n de la Salud\" \/>\n\t\t<meta name=\"twitter:description\" content=\"Ha extraviado o perdido su tarjeta de certificaci\u00f3n de RCP? American Health Care Academy ofrece una tarjeta de reemplazo y un certificado de RCP para RCP, Primeros Auxilios, Pat\u00f3genos Transmitidos por la Sangre y todos los dem\u00e1s cursos en l\u00ednea si compr\u00f3 despu\u00e9s de completar el curso de certificaci\u00f3n en l\u00ednea.\" \/>\n\t\t<meta name=\"twitter:creator\" content=\"@cpraedcourses\" \/>\n\t\t<meta name=\"twitter:image\" content=\"https:\/\/cpraedcourse.com\/wp-content\/uploads\/2022\/04\/ahca-social-logo.jpg\" \/>\n\t\t<meta name=\"twitter:label1\" content=\"Escrito por\" \/>\n\t\t<meta name=\"twitter:data1\" content=\"admin\" \/>\n\t\t<meta name=\"twitter:label2\" content=\"Tiempo de lectura estimado\" \/>\n\t\t<meta name=\"twitter:data2\" content=\"1 minuto\" \/>\n\t\t<script type=\"application\/ld+json\" class=\"aioseo-schema\">\n\t\t\t{\"@context\":\"https:\\\/\\\/schema.org\",\"@graph\":[{\"@type\":\"BreadcrumbList\",\"@id\":\"https:\\\/\\\/cpraedcourse.com\\\/es\\\/solicite-una-tarjeta-de-certificacion-de-rcp-de-reemplazo\\\/#breadcrumblist\",\"itemListElement\":[{\"@type\":\"ListItem\",\"@id\":\"https:\\\/\\\/cpraedcourse.com\\\/es\\\/#listItem\",\"position\":1,\"name\":\"Home\",\"item\":\"https:\\\/\\\/cpraedcourse.com\\\/es\\\/\",\"nextItem\":{\"@type\":\"ListItem\",\"@id\":\"https:\\\/\\\/cpraedcourse.com\\\/es\\\/solicite-una-tarjeta-de-certificacion-de-rcp-de-reemplazo\\\/#listItem\",\"name\":\"Solicite una tarjeta de certificaci\\u00f3n de RCP de reemplazo\"}},{\"@type\":\"ListItem\",\"@id\":\"https:\\\/\\\/cpraedcourse.com\\\/es\\\/solicite-una-tarjeta-de-certificacion-de-rcp-de-reemplazo\\\/#listItem\",\"position\":2,\"name\":\"Solicite una tarjeta de certificaci\\u00f3n de RCP de reemplazo\",\"previousItem\":{\"@type\":\"ListItem\",\"@id\":\"https:\\\/\\\/cpraedcourse.com\\\/es\\\/#listItem\",\"name\":\"Home\"}}]},{\"@type\":\"Organization\",\"@id\":\"https:\\\/\\\/cpraedcourse.com\\\/es\\\/#organization\",\"name\":\"American Healthcare Academy\",\"description\":\"Clases de capacitaci\\u00f3n en RCP - Academia de atenci\\u00f3n m\\u00e9dica - Certificaci\\u00f3n BLS en l\\u00ednea\",\"url\":\"https:\\\/\\\/cpraedcourse.com\\\/es\\\/\",\"telephone\":\"+18176024502\",\"logo\":{\"@type\":\"ImageObject\",\"url\":\"https:\\\/\\\/cpraedcourse.com\\\/wp-content\\\/uploads\\\/2022\\\/04\\\/ahca-social-logo.jpg\",\"@id\":\"https:\\\/\\\/cpraedcourse.com\\\/es\\\/solicite-una-tarjeta-de-certificacion-de-rcp-de-reemplazo\\\/#organizationLogo\",\"width\":200,\"height\":200,\"caption\":\"ahca-social-logo\"},\"image\":{\"@id\":\"https:\\\/\\\/cpraedcourse.com\\\/es\\\/solicite-una-tarjeta-de-certificacion-de-rcp-de-reemplazo\\\/#organizationLogo\"},\"sameAs\":[\"https:\\\/\\\/www.facebook.com\\\/CPRAEDCourses\\\/\",\"https:\\\/\\\/twitter.com\\\/cpraedcourses\",\"https:\\\/\\\/www.instagram.com\\\/cpraedcourses\\\/\",\"https:\\\/\\\/www.youtube.com\\\/user\\\/cprcourse\",\"https:\\\/\\\/www.linkedin.com\\\/company\\\/american-healthcare-academy\"]},{\"@type\":\"WebPage\",\"@id\":\"https:\\\/\\\/cpraedcourse.com\\\/es\\\/solicite-una-tarjeta-de-certificacion-de-rcp-de-reemplazo\\\/#webpage\",\"url\":\"https:\\\/\\\/cpraedcourse.com\\\/es\\\/solicite-una-tarjeta-de-certificacion-de-rcp-de-reemplazo\\\/\",\"name\":\"Tarjetas De Reemplazo - Academia Estadounidense De Atenci\\u00f3n De La Salud\",\"description\":\"Ha extraviado o perdido su tarjeta de certificaci\\u00f3n de RCP? American Health Care Academy ofrece una tarjeta de reemplazo y un certificado de RCP para RCP, Primeros Auxilios, Pat\\u00f3genos Transmitidos por la Sangre y todos los dem\\u00e1s cursos en l\\u00ednea si compr\\u00f3 despu\\u00e9s de completar el curso de certificaci\\u00f3n en l\\u00ednea.\",\"inLanguage\":\"es-ES\",\"isPartOf\":{\"@id\":\"https:\\\/\\\/cpraedcourse.com\\\/es\\\/#website\"},\"breadcrumb\":{\"@id\":\"https:\\\/\\\/cpraedcourse.com\\\/es\\\/solicite-una-tarjeta-de-certificacion-de-rcp-de-reemplazo\\\/#breadcrumblist\"},\"datePublished\":\"2022-02-07T17:06:36+00:00\",\"dateModified\":\"2025-04-10T14:13:02+00:00\"},{\"@type\":\"WebSite\",\"@id\":\"https:\\\/\\\/cpraedcourse.com\\\/es\\\/#website\",\"url\":\"https:\\\/\\\/cpraedcourse.com\\\/es\\\/\",\"name\":\"CPR Certification Online | American Healthcare Academy\",\"alternateName\":\"cpraedcourse\",\"description\":\"Clases de capacitaci\\u00f3n en RCP - Academia de atenci\\u00f3n m\\u00e9dica - Certificaci\\u00f3n BLS en l\\u00ednea\",\"inLanguage\":\"es-ES\",\"publisher\":{\"@id\":\"https:\\\/\\\/cpraedcourse.com\\\/es\\\/#organization\"}}]}\n\t\t<\/script>\n\t\t<script type=\"text\/javascript\">\n\t\t\t(function(c,l,a,r,i,t,y){\n\t\t\tc[a]=c[a]||function(){(c[a].q=c[a].q||[]).push(arguments)};t=l.createElement(r);t.async=1;\n\t\t\tt.src=\"https:\/\/www.clarity.ms\/tag\/\"+i+\"?ref=aioseo\";y=l.getElementsByTagName(r)[0];y.parentNode.insertBefore(t,y);\n\t\t})(window, document, \"clarity\", \"script\", \"h8i9wmqjlw\");\n\t\t<\/script>\n\t\t<!-- All in One SEO Pro -->\r\n\t\t<title>Tarjetas De Reemplazo - Academia Estadounidense De Atenci\u00f3n De La Salud<\/title>\n\n","aioseo_head_json":{"title":"Tarjetas De Reemplazo - Academia Estadounidense De Atenci\u00f3n De La Salud","description":"Ha extraviado o perdido su tarjeta de certificaci\u00f3n de RCP? American Health Care Academy ofrece una tarjeta de reemplazo y un certificado de RCP para RCP, Primeros Auxilios, Pat\u00f3genos Transmitidos por la Sangre y todos los dem\u00e1s cursos en l\u00ednea si compr\u00f3 despu\u00e9s de completar el curso de certificaci\u00f3n en l\u00ednea.","canonical_url":"https:\/\/cpraedcourse.com\/es\/solicite-una-tarjeta-de-certificacion-de-rcp-de-reemplazo\/","robots":"max-image-preview:large","keywords":"","webmasterTools":{"google-site-verification":"8TQl1QwwF18nYMxX0M8LeR6U7YJtPumHSIWxAVTTokQ","msvalidate.01":"15CF5CA23A28A3EAFCCB4F7BF55C2193","yandex-verification":"3512739a059fad11","miscellaneous":""},"schema":{"@context":"https:\/\/schema.org","@graph":[{"@type":"BreadcrumbList","@id":"https:\/\/cpraedcourse.com\/es\/solicite-una-tarjeta-de-certificacion-de-rcp-de-reemplazo\/#breadcrumblist","itemListElement":[{"@type":"ListItem","@id":"https:\/\/cpraedcourse.com\/es\/#listItem","position":1,"name":"Home","item":"https:\/\/cpraedcourse.com\/es\/","nextItem":{"@type":"ListItem","@id":"https:\/\/cpraedcourse.com\/es\/solicite-una-tarjeta-de-certificacion-de-rcp-de-reemplazo\/#listItem","name":"Solicite una tarjeta de certificaci\u00f3n de RCP de reemplazo"}},{"@type":"ListItem","@id":"https:\/\/cpraedcourse.com\/es\/solicite-una-tarjeta-de-certificacion-de-rcp-de-reemplazo\/#listItem","position":2,"name":"Solicite una tarjeta de certificaci\u00f3n de RCP de reemplazo","previousItem":{"@type":"ListItem","@id":"https:\/\/cpraedcourse.com\/es\/#listItem","name":"Home"}}]},{"@type":"Organization","@id":"https:\/\/cpraedcourse.com\/es\/#organization","name":"American Healthcare Academy","description":"Clases de capacitaci\u00f3n en RCP - Academia de atenci\u00f3n m\u00e9dica - Certificaci\u00f3n BLS en l\u00ednea","url":"https:\/\/cpraedcourse.com\/es\/","telephone":"+18176024502","logo":{"@type":"ImageObject","url":"https:\/\/cpraedcourse.com\/wp-content\/uploads\/2022\/04\/ahca-social-logo.jpg","@id":"https:\/\/cpraedcourse.com\/es\/solicite-una-tarjeta-de-certificacion-de-rcp-de-reemplazo\/#organizationLogo","width":200,"height":200,"caption":"ahca-social-logo"},"image":{"@id":"https:\/\/cpraedcourse.com\/es\/solicite-una-tarjeta-de-certificacion-de-rcp-de-reemplazo\/#organizationLogo"},"sameAs":["https:\/\/www.facebook.com\/CPRAEDCourses\/","https:\/\/twitter.com\/cpraedcourses","https:\/\/www.instagram.com\/cpraedcourses\/","https:\/\/www.youtube.com\/user\/cprcourse","https:\/\/www.linkedin.com\/company\/american-healthcare-academy"]},{"@type":"WebPage","@id":"https:\/\/cpraedcourse.com\/es\/solicite-una-tarjeta-de-certificacion-de-rcp-de-reemplazo\/#webpage","url":"https:\/\/cpraedcourse.com\/es\/solicite-una-tarjeta-de-certificacion-de-rcp-de-reemplazo\/","name":"Tarjetas De Reemplazo - Academia Estadounidense De Atenci\u00f3n De La Salud","description":"Ha extraviado o perdido su tarjeta de certificaci\u00f3n de RCP? American Health Care Academy ofrece una tarjeta de reemplazo y un certificado de RCP para RCP, Primeros Auxilios, Pat\u00f3genos Transmitidos por la Sangre y todos los dem\u00e1s cursos en l\u00ednea si compr\u00f3 despu\u00e9s de completar el curso de certificaci\u00f3n en l\u00ednea.","inLanguage":"es-ES","isPartOf":{"@id":"https:\/\/cpraedcourse.com\/es\/#website"},"breadcrumb":{"@id":"https:\/\/cpraedcourse.com\/es\/solicite-una-tarjeta-de-certificacion-de-rcp-de-reemplazo\/#breadcrumblist"},"datePublished":"2022-02-07T17:06:36+00:00","dateModified":"2025-04-10T14:13:02+00:00"},{"@type":"WebSite","@id":"https:\/\/cpraedcourse.com\/es\/#website","url":"https:\/\/cpraedcourse.com\/es\/","name":"CPR Certification Online | American Healthcare Academy","alternateName":"cpraedcourse","description":"Clases de capacitaci\u00f3n en RCP - Academia de atenci\u00f3n m\u00e9dica - Certificaci\u00f3n BLS en l\u00ednea","inLanguage":"es-ES","publisher":{"@id":"https:\/\/cpraedcourse.com\/es\/#organization"}}]},"og:locale":"es_ES","og:site_name":"Academia Estadounidense de Atenci\u00f3n de la Salud","og:type":"article","og:title":"Tarjetas De Reemplazo - Academia Estadounidense De Atenci\u00f3n De La Salud","og:description":"Ha extraviado o perdido su tarjeta de certificaci\u00f3n de RCP? American Health Care Academy ofrece una tarjeta de reemplazo y un certificado de RCP para RCP, Primeros Auxilios, Pat\u00f3genos Transmitidos por la Sangre y todos los dem\u00e1s cursos en l\u00ednea si compr\u00f3 despu\u00e9s de completar el curso de certificaci\u00f3n en l\u00ednea.","og:url":"https:\/\/cpraedcourse.com\/es\/solicite-una-tarjeta-de-certificacion-de-rcp-de-reemplazo\/","og:image":"https:\/\/cpraedcourse.com\/wp-content\/uploads\/2022\/04\/ahca-social-logo.jpg","og:image:secure_url":"https:\/\/cpraedcourse.com\/wp-content\/uploads\/2022\/04\/ahca-social-logo.jpg","og:image:width":"200","og:image:height":"200","article:published_time":"2022-02-07T17:06:36+00:00","article:modified_time":"2025-04-10T14:13:02+00:00","article:publisher":"https:\/\/www.facebook.com\/CPRAEDCourses\/","twitter:card":"summary_large_image","twitter:site":"@cpraedcourses","twitter:title":"Tarjetas de reemplazo - Academia Estadounidense de Atenci\u00f3n de la Salud","twitter:description":"Ha extraviado o perdido su tarjeta de certificaci\u00f3n de RCP? American Health Care Academy ofrece una tarjeta de reemplazo y un certificado de RCP para RCP, Primeros Auxilios, Pat\u00f3genos Transmitidos por la Sangre y todos los dem\u00e1s cursos en l\u00ednea si compr\u00f3 despu\u00e9s de completar el curso de certificaci\u00f3n en l\u00ednea.","twitter:creator":"@cpraedcourses","twitter:image":"https:\/\/cpraedcourse.com\/wp-content\/uploads\/2022\/04\/ahca-social-logo.jpg","twitter:label1":"Escrito por","twitter:data1":"admin","twitter:label2":"Tiempo de lectura estimado","twitter:data2":"1 minuto"},"aioseo_meta_data":{"post_id":"15279","title":"Tarjetas De Reemplazo - Academia Estadounidense De Atenci\u00f3n De La Salud","description":"Ha extraviado o perdido su tarjeta de certificaci\u00f3n de RCP? American Health Care Academy ofrece una tarjeta de reemplazo y un certificado de RCP para RCP, Primeros Auxilios, Pat\u00f3genos Transmitidos por la Sangre y todos los dem\u00e1s cursos en l\u00ednea si compr\u00f3 despu\u00e9s de completar el curso de certificaci\u00f3n en l\u00ednea.","keywords":[],"keyphrases":{"focus":{"keyphrase":"","score":0,"analysis":{"keyphraseInTitle":{"score":0,"maxScore":9,"error":1}}},"additional":[]},"primary_term":null,"canonical_url":null,"og_title":null,"og_description":null,"og_object_type":"default","og_image_type":"content","og_image_url":"https:\/\/cpraedcourse.com\/wp-content\/uploads\/2022\/04\/ahca-social-logo.jpg","og_image_width":"200","og_image_height":"200","og_image_custom_url":null,"og_image_custom_fields":null,"og_video":"","og_custom_url":null,"og_article_section":null,"og_article_tags":[],"twitter_use_og":false,"twitter_card":"default","twitter_image_type":"default","twitter_image_url":null,"twitter_image_custom_url":null,"twitter_image_custom_fields":null,"twitter_title":"Tarjetas de reemplazo - #site_title","twitter_description":null,"schema":{"blockGraphs":[],"customGraphs":[],"default":{"data":{"Article":[],"Course":[],"Dataset":[],"FAQPage":[],"Movie":[],"Person":[],"Product":[],"ProductReview":[],"Car":[],"Recipe":[],"Service":[],"SoftwareApplication":[],"WebPage":[]},"graphName":"WebPage","isEnabled":true},"graphs":[]},"schema_type":"default","schema_type_options":"{\"article\":{\"articleType\":\"BlogPosting\"},\"course\":{\"name\":\"\",\"description\":\"\",\"provider\":\"\"},\"faq\":{\"pages\":[]},\"product\":{\"reviews\":[]},\"recipe\":{\"ingredients\":[],\"instructions\":[],\"keywords\":[]},\"software\":{\"reviews\":[],\"operatingSystems\":[]},\"webPage\":{\"webPageType\":\"WebPage\"}}","pillar_content":false,"robots_default":true,"robots_noindex":false,"robots_noarchive":false,"robots_nosnippet":false,"robots_nofollow":false,"robots_noimageindex":false,"robots_noodp":false,"robots_notranslate":false,"robots_max_snippet":"-1","robots_max_videopreview":"-1","robots_max_imagepreview":"large","priority":null,"frequency":"default","local_seo":null,"seo_analyzer_scan_date":"2025-10-13 11:30:38","limit_modified_date":false,"open_ai":"{\"title\":{\"suggestions\":[],\"usage\":0},\"description\":{\"suggestions\":[],\"usage\":0}}","ai":null,"created":"2022-04-18 20:15:45","updated":"2025-12-02 22:16:00"},"aioseo_breadcrumb":"<div class=\"aioseo-breadcrumbs\"><span class=\"aioseo-breadcrumb\">\n\t<a href=\"https:\/\/cpraedcourse.com\/es\/\" title=\"Home\">Home<\/a>\n<\/span><span class=\"aioseo-breadcrumb-separator\">\u00bb<\/span><span class=\"aioseo-breadcrumb\">\n\tSolicite una tarjeta de certificaci\u00f3n de RCP de reemplazo\n<\/span><\/div>","aioseo_breadcrumb_json":[{"label":"Home","link":"https:\/\/cpraedcourse.com\/es\/"},{"label":"Solicite una tarjeta de certificaci\u00f3n de RCP de reemplazo","link":"https:\/\/cpraedcourse.com\/es\/solicite-una-tarjeta-de-certificacion-de-rcp-de-reemplazo\/"}],"_links":{"self":[{"href":"https:\/\/cpraedcourse.com\/es\/wp-json\/wp\/v2\/pages\/15279","targetHints":{"allow":["GET"]}}],"collection":[{"href":"https:\/\/cpraedcourse.com\/es\/wp-json\/wp\/v2\/pages"}],"about":[{"href":"https:\/\/cpraedcourse.com\/es\/wp-json\/wp\/v2\/types\/page"}],"author":[{"embeddable":true,"href":"https:\/\/cpraedcourse.com\/es\/wp-json\/wp\/v2\/users\/26"}],"replies":[{"embeddable":true,"href":"https:\/\/cpraedcourse.com\/es\/wp-json\/wp\/v2\/comments?post=15279"}],"version-history":[{"count":0,"href":"https:\/\/cpraedcourse.com\/es\/wp-json\/wp\/v2\/pages\/15279\/revisions"}],"wp:attachment":[{"href":"https:\/\/cpraedcourse.com\/es\/wp-json\/wp\/v2\/media?parent=15279"}],"curies":[{"name":"wp","href":"https:\/\/api.w.org\/{rel}","templated":true}]}}