{"id":15261,"date":"2022-02-07T17:06:30","date_gmt":"2022-02-07T17:06:30","guid":{"rendered":"https:\/\/delta.cpraedcourse.com\/nuestra-causa\/"},"modified":"2023-12-21T12:04:12","modified_gmt":"2023-12-21T12:04:12","slug":"nuestra-causa","status":"publish","type":"page","link":"https:\/\/cpraedcourse.com\/es\/nuestra-causa\/","title":{"rendered":"nuestra causa"},"content":{"rendered":"\t\t<div data-elementor-type=\"wp-page\" data-elementor-id=\"15261\" class=\"elementor elementor-15261 elementor-8703\" data-elementor-post-type=\"page\">\n\t\t\t\t\t\t<section class=\"elementor-section elementor-top-section elementor-element elementor-element-68056dd course-single-heading elementor-section-boxed elementor-section-height-default elementor-section-height-default\" data-id=\"68056dd\" data-element_type=\"section\" data-e-type=\"section\" data-settings=\"{&quot;background_background&quot;:&quot;classic&quot;}\">\n\t\t\t\t\t\t<div class=\"elementor-container elementor-column-gap-default\">\n\t\t\t\t\t<div class=\"elementor-column elementor-col-100 elementor-top-column elementor-element elementor-element-4ad3b28\" data-id=\"4ad3b28\" data-element_type=\"column\" data-e-type=\"column\">\n\t\t\t<div class=\"elementor-widget-wrap elementor-element-populated\">\n\t\t\t\t\t\t<div class=\"elementor-element elementor-element-dde239f elementor-widget elementor-widget-heading\" data-id=\"dde239f\" data-element_type=\"widget\" data-e-type=\"widget\" data-widget_type=\"heading.default\">\n\t\t\t\t\t<h1 class=\"elementor-heading-title elementor-size-default\">Aceptaci\u00f3n del curso<\/h1>\t\t\t\t<\/div>\n\t\t\t\t\t<\/div>\n\t\t<\/div>\n\t\t\t\t\t<\/div>\n\t\t<\/section>\n\t\t\t\t<section class=\"elementor-section elementor-top-section elementor-element elementor-element-cee7568 elementor-section-boxed elementor-section-height-default elementor-section-height-default\" data-id=\"cee7568\" data-element_type=\"section\" data-e-type=\"section\" data-settings=\"{&quot;background_background&quot;:&quot;classic&quot;}\">\n\t\t\t\t\t\t<div class=\"elementor-container elementor-column-gap-default\">\n\t\t\t\t\t<div class=\"elementor-column elementor-col-100 elementor-top-column elementor-element elementor-element-a98b713\" data-id=\"a98b713\" data-element_type=\"column\" data-e-type=\"column\">\n\t\t\t<div class=\"elementor-widget-wrap elementor-element-populated\">\n\t\t\t\t\t\t<div class=\"elementor-element elementor-element-71f0022 elementor-widget elementor-widget-shortcode\" data-id=\"71f0022\" data-element_type=\"widget\" data-e-type=\"widget\" data-widget_type=\"shortcode.default\">\n\t\t\t\t\t\t\t<div class=\"elementor-shortcode\"><div class=\"aioseo-breadcrumbs\"><span class=\"aioseo-breadcrumb\">\n\tHome\n<\/span><\/div><\/div>\n\t\t\t\t\t\t<\/div>\n\t\t\t\t\t<\/div>\n\t\t<\/div>\n\t\t\t\t\t<\/div>\n\t\t<\/section>\n\t\t\t\t<section class=\"elementor-section elementor-top-section elementor-element elementor-element-9089d5f tabs-main elementor-section-boxed elementor-section-height-default elementor-section-height-default\" data-id=\"9089d5f\" data-element_type=\"section\" data-e-type=\"section\">\n\t\t\t\t\t\t<div class=\"elementor-container elementor-column-gap-default\">\n\t\t\t\t\t<div class=\"elementor-column elementor-col-100 elementor-top-column elementor-element elementor-element-19128d6\" data-id=\"19128d6\" data-element_type=\"column\" data-e-type=\"column\">\n\t\t\t<div class=\"elementor-widget-wrap elementor-element-populated\">\n\t\t\t\t\t\t<div class=\"elementor-element elementor-element-aec1022 elementor-tabs-view-horizontal elementor-widget elementor-widget-tabs\" data-id=\"aec1022\" data-element_type=\"widget\" data-e-type=\"widget\" data-widget_type=\"tabs.default\">\n\t\t\t\t\t\t\t<div class=\"elementor-tabs\">\n\t\t\t<div class=\"elementor-tabs-wrapper\" role=\"tablist\" >\n\t\t\t\t\t\t\t\t\t<div id=\"elementor-tab-title-1831\" class=\"elementor-tab-title elementor-tab-desktop-title\" aria-selected=\"true\" data-tab=\"1\" role=\"tab\" tabindex=\"0\" aria-controls=\"elementor-tab-content-1831\" aria-expanded=\"false\">Garant\u00eda de reembolso<\/div>\n\t\t\t\t\t\t\t\t\t<div id=\"elementor-tab-title-1832\" class=\"elementor-tab-title elementor-tab-desktop-title\" aria-selected=\"false\" data-tab=\"2\" role=\"tab\" tabindex=\"-1\" aria-controls=\"elementor-tab-content-1832\" aria-expanded=\"false\">Descripci\u00f3n general<\/div>\n\t\t\t\t\t\t\t\t\t<div id=\"elementor-tab-title-1833\" class=\"elementor-tab-title elementor-tab-desktop-title\" aria-selected=\"false\" data-tab=\"3\" role=\"tab\" tabindex=\"-1\" aria-controls=\"elementor-tab-content-1833\" aria-expanded=\"false\">Departamentos de Cumplimiento<\/div>\n\t\t\t\t\t\t\t\t\t<div id=\"elementor-tab-title-1834\" class=\"elementor-tab-title elementor-tab-desktop-title\" aria-selected=\"false\" data-tab=\"4\" role=\"tab\" tabindex=\"-1\" aria-controls=\"elementor-tab-content-1834\" aria-expanded=\"false\">Aceptaci\u00f3n canadiense<\/div>\n\t\t\t\t\t\t\t\t\t<div id=\"elementor-tab-title-1835\" class=\"elementor-tab-title elementor-tab-desktop-title\" aria-selected=\"false\" data-tab=\"5\" role=\"tab\" tabindex=\"-1\" aria-controls=\"elementor-tab-content-1835\" aria-expanded=\"false\">Aprobaciones de RCP<\/div>\n\t\t\t\t\t\t\t\t\t<div id=\"elementor-tab-title-1836\" class=\"elementor-tab-title elementor-tab-desktop-title\" aria-selected=\"false\" data-tab=\"6\" role=\"tab\" tabindex=\"-1\" aria-controls=\"elementor-tab-content-1836\" aria-expanded=\"false\">Testimonios de Estudiantes<\/div>\n\t\t\t\t\t\t\t<\/div>\n\t\t\t<div class=\"elementor-tabs-content-wrapper\" role=\"tablist\" aria-orientation=\"vertical\">\n\t\t\t\t\t\t\t\t\t<div class=\"elementor-tab-title elementor-tab-mobile-title\" aria-selected=\"true\" data-tab=\"1\" role=\"tab\" tabindex=\"0\" aria-controls=\"elementor-tab-content-1831\" aria-expanded=\"false\">Garant\u00eda de reembolso<\/div>\n\t\t\t\t\t<div id=\"elementor-tab-content-1831\" class=\"elementor-tab-content elementor-clearfix\" data-tab=\"1\" role=\"tabpanel\" aria-labelledby=\"elementor-tab-title-1831\" tabindex=\"0\" hidden=\"false\"><p>[INSERT_ELEMENTOR id=\u00bb8608&#8243;]<\/p>\n<\/div>\n\t\t\t\t\t\t\t\t\t<div class=\"elementor-tab-title elementor-tab-mobile-title\" aria-selected=\"false\" data-tab=\"2\" role=\"tab\" tabindex=\"-1\" aria-controls=\"elementor-tab-content-1832\" aria-expanded=\"false\">Descripci\u00f3n general<\/div>\n\t\t\t\t\t<div id=\"elementor-tab-content-1832\" class=\"elementor-tab-content elementor-clearfix\" data-tab=\"2\" role=\"tabpanel\" aria-labelledby=\"elementor-tab-title-1832\" tabindex=\"0\" hidden=\"hidden\"><p>[INSERT_ELEMENTOR id=\u00bb8717&#8243;]<\/p>\n<\/div>\n\t\t\t\t\t\t\t\t\t<div class=\"elementor-tab-title elementor-tab-mobile-title\" aria-selected=\"false\" data-tab=\"3\" role=\"tab\" tabindex=\"-1\" aria-controls=\"elementor-tab-content-1833\" aria-expanded=\"false\">Departamentos de Cumplimiento<\/div>\n\t\t\t\t\t<div id=\"elementor-tab-content-1833\" class=\"elementor-tab-content elementor-clearfix\" data-tab=\"3\" role=\"tabpanel\" aria-labelledby=\"elementor-tab-title-1833\" tabindex=\"0\" hidden=\"hidden\"><p>[INSERT_ELEMENTOR id=\u00bb8608&#8243;]<\/p>\n<\/div>\n\t\t\t\t\t\t\t\t\t<div class=\"elementor-tab-title elementor-tab-mobile-title\" aria-selected=\"false\" data-tab=\"4\" role=\"tab\" tabindex=\"-1\" aria-controls=\"elementor-tab-content-1834\" aria-expanded=\"false\">Aceptaci\u00f3n canadiense<\/div>\n\t\t\t\t\t<div id=\"elementor-tab-content-1834\" class=\"elementor-tab-content elementor-clearfix\" data-tab=\"4\" role=\"tabpanel\" aria-labelledby=\"elementor-tab-title-1834\" tabindex=\"0\" hidden=\"hidden\"><p>[INSERT_ELEMENTOR id=\u00bb8608&#8243;]<\/p>\n<\/div>\n\t\t\t\t\t\t\t\t\t<div class=\"elementor-tab-title elementor-tab-mobile-title\" aria-selected=\"false\" data-tab=\"5\" role=\"tab\" tabindex=\"-1\" aria-controls=\"elementor-tab-content-1835\" aria-expanded=\"false\">Aprobaciones de RCP<\/div>\n\t\t\t\t\t<div id=\"elementor-tab-content-1835\" class=\"elementor-tab-content elementor-clearfix\" data-tab=\"5\" role=\"tabpanel\" aria-labelledby=\"elementor-tab-title-1835\" tabindex=\"0\" hidden=\"hidden\"><p>[INSERT_ELEMENTOR id=\u00bb8751&#8243;]<\/p>\n<\/div>\n\t\t\t\t\t\t\t\t\t<div class=\"elementor-tab-title elementor-tab-mobile-title\" aria-selected=\"false\" data-tab=\"6\" role=\"tab\" tabindex=\"-1\" aria-controls=\"elementor-tab-content-1836\" aria-expanded=\"false\">Testimonios de Estudiantes<\/div>\n\t\t\t\t\t<div id=\"elementor-tab-content-1836\" class=\"elementor-tab-content elementor-clearfix\" data-tab=\"6\" role=\"tabpanel\" aria-labelledby=\"elementor-tab-title-1836\" tabindex=\"0\" hidden=\"hidden\"><p>[INSERT_ELEMENTOR id=\u00bb8608&#8243;]<\/p>\n<\/div>\n\t\t\t\t\t\t\t<\/div>\n\t\t<\/div>\n\t\t\t\t\t\t<\/div>\n\t\t\t\t\t<\/div>\n\t\t<\/div>\n\t\t\t\t\t<\/div>\n\t\t<\/section>\n\t\t\t\t<\/div>\n\t\t","protected":false},"excerpt":{"rendered":"<p>Aceptaci\u00f3n del curso Garant\u00eda de reembolso Descripci\u00f3n general Departamentos de Cumplimiento Aceptaci\u00f3n canadiense Aprobaciones de RCP Testimonios de Estudiantes Garant\u00eda de reembolso [INSERT_ELEMENTOR id=&#8221;8608&#8243;] Descripci\u00f3n general [INSERT_ELEMENTOR id=&#8221;8717&#8243;] Departamentos de Cumplimiento [INSERT_ELEMENTOR id=&#8221;8608&#8243;] Aceptaci\u00f3n canadiense [INSERT_ELEMENTOR id=&#8221;8608&#8243;] Aprobaciones de RCP [INSERT_ELEMENTOR id=&#8221;8751&#8243;] Testimonios de Estudiantes [INSERT_ELEMENTOR id=&#8221;8608&#8243;]<\/p>\n","protected":false},"author":26,"featured_media":0,"parent":0,"menu_order":0,"comment_status":"closed","ping_status":"closed","template":"elementor_header_footer","meta":{"_acf_changed":false,"inline_featured_image":false,"footnotes":""},"class_list":["post-15261","page","type-page","status-publish","hentry"],"acf":[],"aioseo_notices":[],"aioseo_head":"\n\t\t<!-- All in One SEO Pro 4.9.5.2 - aioseo.com -->\n\t<meta name=\"description\" content=\"Aceptaci\u00f3n del curso Home \u00bb nuestra causa Garant\u00eda de reembolso Descripci\u00f3n general Departamentos de Cumplimiento Aceptaci\u00f3n canadiense Aprobaciones de RCP Testimonios de Estudiantes Garant\u00eda de reembolso [INSERT_ELEMENTOR id=\u00bb8608\u2033] Descripci\u00f3n general [INSERT_ELEMENTOR id=\u00bb8717\u2033] Departamentos de Cumplimiento [INSERT_ELEMENTOR id=\u00bb8608\u2033] Aceptaci\u00f3n canadiense [INSERT_ELEMENTOR id=\u00bb8608\u2033] Aprobaciones de RCP [INSERT_ELEMENTOR id=\u00bb8751\u2033] Testimonios de Estudiantes [INSERT_ELEMENTOR id=\u00bb8608\u2033]\" \/>\n\t<meta name=\"robots\" content=\"max-image-preview:large\" \/>\n\t<meta name=\"google-site-verification\" content=\"8TQl1QwwF18nYMxX0M8LeR6U7YJtPumHSIWxAVTTokQ\" \/>\n\t<meta name=\"msvalidate.01\" content=\"15CF5CA23A28A3EAFCCB4F7BF55C2193\" \/>\n\t<meta name=\"yandex-verification\" content=\"3512739a059fad11\" \/>\n\t<link rel=\"canonical\" href=\"https:\/\/cpraedcourse.com\/es\/nuestra-causa\/\" \/>\n\t<meta name=\"generator\" content=\"All in One SEO Pro (AIOSEO) 4.9.5.2\" \/>\n\t\t<meta property=\"og:locale\" content=\"es_ES\" \/>\n\t\t<meta property=\"og:site_name\" content=\"Academia Estadounidense de Atenci\u00f3n de la Salud\" \/>\n\t\t<meta property=\"og:type\" content=\"article\" \/>\n\t\t<meta property=\"og:title\" content=\"nuestra causa\" \/>\n\t\t<meta property=\"og:description\" content=\"Aceptaci\u00f3n del curso Home \u00bb nuestra causa Garant\u00eda de reembolso Descripci\u00f3n general Departamentos de Cumplimiento Aceptaci\u00f3n canadiense Aprobaciones de RCP Testimonios de Estudiantes Garant\u00eda de reembolso [INSERT_ELEMENTOR id=\u00bb8608\u2033] Descripci\u00f3n general [INSERT_ELEMENTOR id=\u00bb8717\u2033] Departamentos de Cumplimiento [INSERT_ELEMENTOR id=\u00bb8608\u2033] Aceptaci\u00f3n canadiense [INSERT_ELEMENTOR id=\u00bb8608\u2033] Aprobaciones de RCP [INSERT_ELEMENTOR id=\u00bb8751\u2033] Testimonios de Estudiantes [INSERT_ELEMENTOR id=\u00bb8608\u2033]\" \/>\n\t\t<meta property=\"og:url\" content=\"https:\/\/cpraedcourse.com\/es\/nuestra-causa\/\" \/>\n\t\t<meta property=\"og:image\" content=\"https:\/\/cpraedcourse.com\/wp-content\/uploads\/2022\/04\/ahca-social-logo.jpg\" \/>\n\t\t<meta property=\"og:image:secure_url\" content=\"https:\/\/cpraedcourse.com\/wp-content\/uploads\/2022\/04\/ahca-social-logo.jpg\" \/>\n\t\t<meta property=\"og:image:width\" content=\"200\" \/>\n\t\t<meta property=\"og:image:height\" content=\"200\" \/>\n\t\t<meta property=\"article:published_time\" content=\"2022-02-07T17:06:30+00:00\" \/>\n\t\t<meta property=\"article:modified_time\" content=\"2023-12-21T12:04:12+00:00\" \/>\n\t\t<meta property=\"article:publisher\" content=\"https:\/\/www.facebook.com\/CPRAEDCourses\/\" \/>\n\t\t<meta name=\"twitter:card\" content=\"summary_large_image\" \/>\n\t\t<meta name=\"twitter:site\" content=\"@cpraedcourses\" \/>\n\t\t<meta name=\"twitter:title\" content=\"nuestra causa\" \/>\n\t\t<meta name=\"twitter:description\" content=\"Aceptaci\u00f3n del curso Home \u00bb nuestra causa Garant\u00eda de reembolso Descripci\u00f3n general Departamentos de Cumplimiento Aceptaci\u00f3n canadiense Aprobaciones de RCP Testimonios de Estudiantes Garant\u00eda de reembolso [INSERT_ELEMENTOR id=\u00bb8608\u2033] Descripci\u00f3n general [INSERT_ELEMENTOR id=\u00bb8717\u2033] Departamentos de Cumplimiento [INSERT_ELEMENTOR id=\u00bb8608\u2033] Aceptaci\u00f3n canadiense [INSERT_ELEMENTOR id=\u00bb8608\u2033] Aprobaciones de RCP [INSERT_ELEMENTOR id=\u00bb8751\u2033] Testimonios de Estudiantes [INSERT_ELEMENTOR id=\u00bb8608\u2033]\" \/>\n\t\t<meta name=\"twitter:creator\" content=\"@cpraedcourses\" \/>\n\t\t<meta name=\"twitter:image\" content=\"https:\/\/cpraedcourse.com\/wp-content\/uploads\/2022\/04\/ahca-social-logo.jpg\" \/>\n\t\t<meta name=\"twitter:label1\" content=\"Escrito por\" \/>\n\t\t<meta name=\"twitter:data1\" content=\"admin\" \/>\n\t\t<script type=\"application\/ld+json\" class=\"aioseo-schema\">\n\t\t\t{\"@context\":\"https:\\\/\\\/schema.org\",\"@graph\":[{\"@type\":\"BreadcrumbList\",\"@id\":\"https:\\\/\\\/cpraedcourse.com\\\/es\\\/nuestra-causa\\\/#breadcrumblist\",\"itemListElement\":[{\"@type\":\"ListItem\",\"@id\":\"https:\\\/\\\/cpraedcourse.com\\\/es\\\/#listItem\",\"position\":1,\"name\":\"Home\",\"item\":\"https:\\\/\\\/cpraedcourse.com\\\/es\\\/\",\"nextItem\":{\"@type\":\"ListItem\",\"@id\":\"https:\\\/\\\/cpraedcourse.com\\\/es\\\/nuestra-causa\\\/#listItem\",\"name\":\"nuestra causa\"}},{\"@type\":\"ListItem\",\"@id\":\"https:\\\/\\\/cpraedcourse.com\\\/es\\\/nuestra-causa\\\/#listItem\",\"position\":2,\"name\":\"nuestra causa\",\"previousItem\":{\"@type\":\"ListItem\",\"@id\":\"https:\\\/\\\/cpraedcourse.com\\\/es\\\/#listItem\",\"name\":\"Home\"}}]},{\"@type\":\"Organization\",\"@id\":\"https:\\\/\\\/cpraedcourse.com\\\/es\\\/#organization\",\"name\":\"American Healthcare Academy\",\"description\":\"Clases de capacitaci\\u00f3n en RCP - Academia de atenci\\u00f3n m\\u00e9dica - Certificaci\\u00f3n BLS en l\\u00ednea\",\"url\":\"https:\\\/\\\/cpraedcourse.com\\\/es\\\/\",\"telephone\":\"+18176024502\",\"logo\":{\"@type\":\"ImageObject\",\"url\":\"https:\\\/\\\/cpraedcourse.com\\\/wp-content\\\/uploads\\\/2022\\\/04\\\/ahca-social-logo.jpg\",\"@id\":\"https:\\\/\\\/cpraedcourse.com\\\/es\\\/nuestra-causa\\\/#organizationLogo\",\"width\":200,\"height\":200,\"caption\":\"ahca-social-logo\"},\"image\":{\"@id\":\"https:\\\/\\\/cpraedcourse.com\\\/es\\\/nuestra-causa\\\/#organizationLogo\"},\"sameAs\":[\"https:\\\/\\\/www.facebook.com\\\/CPRAEDCourses\\\/\",\"https:\\\/\\\/twitter.com\\\/cpraedcourses\",\"https:\\\/\\\/www.instagram.com\\\/cpraedcourses\\\/\",\"https:\\\/\\\/www.youtube.com\\\/user\\\/cprcourse\",\"https:\\\/\\\/www.linkedin.com\\\/company\\\/american-healthcare-academy\"]},{\"@type\":\"WebPage\",\"@id\":\"https:\\\/\\\/cpraedcourse.com\\\/es\\\/nuestra-causa\\\/#webpage\",\"url\":\"https:\\\/\\\/cpraedcourse.com\\\/es\\\/nuestra-causa\\\/\",\"name\":\"nuestra causa\",\"description\":\"Aceptaci\\u00f3n del curso Home \\u00bb nuestra causa Garant\\u00eda de reembolso Descripci\\u00f3n general Departamentos de Cumplimiento Aceptaci\\u00f3n canadiense Aprobaciones de RCP Testimonios de Estudiantes Garant\\u00eda de reembolso [INSERT_ELEMENTOR id=\\u00bb8608\\u2033] Descripci\\u00f3n general [INSERT_ELEMENTOR id=\\u00bb8717\\u2033] Departamentos de Cumplimiento [INSERT_ELEMENTOR id=\\u00bb8608\\u2033] Aceptaci\\u00f3n canadiense [INSERT_ELEMENTOR id=\\u00bb8608\\u2033] Aprobaciones de RCP [INSERT_ELEMENTOR id=\\u00bb8751\\u2033] Testimonios de Estudiantes [INSERT_ELEMENTOR id=\\u00bb8608\\u2033]\",\"inLanguage\":\"es-ES\",\"isPartOf\":{\"@id\":\"https:\\\/\\\/cpraedcourse.com\\\/es\\\/#website\"},\"breadcrumb\":{\"@id\":\"https:\\\/\\\/cpraedcourse.com\\\/es\\\/nuestra-causa\\\/#breadcrumblist\"},\"datePublished\":\"2022-02-07T17:06:30+00:00\",\"dateModified\":\"2023-12-21T12:04:12+00:00\"},{\"@type\":\"WebSite\",\"@id\":\"https:\\\/\\\/cpraedcourse.com\\\/es\\\/#website\",\"url\":\"https:\\\/\\\/cpraedcourse.com\\\/es\\\/\",\"name\":\"CPR Certification Online | American Healthcare Academy\",\"alternateName\":\"cpraedcourse\",\"description\":\"Clases de capacitaci\\u00f3n en RCP - Academia de atenci\\u00f3n m\\u00e9dica - Certificaci\\u00f3n BLS en l\\u00ednea\",\"inLanguage\":\"es-ES\",\"publisher\":{\"@id\":\"https:\\\/\\\/cpraedcourse.com\\\/es\\\/#organization\"}}]}\n\t\t<\/script>\n\t\t<script type=\"text\/javascript\">\n\t\t\t(function(c,l,a,r,i,t,y){\n\t\t\tc[a]=c[a]||function(){(c[a].q=c[a].q||[]).push(arguments)};t=l.createElement(r);t.async=1;\n\t\t\tt.src=\"https:\/\/www.clarity.ms\/tag\/\"+i+\"?ref=aioseo\";y=l.getElementsByTagName(r)[0];y.parentNode.insertBefore(t,y);\n\t\t})(window, document, \"clarity\", \"script\", \"h8i9wmqjlw\");\n\t\t<\/script>\n\t\t<!-- All in One SEO Pro -->\r\n\t\t<title>nuestra causa<\/title>\n\n","aioseo_head_json":{"title":"nuestra causa","description":"Aceptaci\u00f3n del curso Home \u00bb nuestra causa Garant\u00eda de reembolso Descripci\u00f3n general Departamentos de Cumplimiento Aceptaci\u00f3n canadiense Aprobaciones de RCP Testimonios de Estudiantes Garant\u00eda de reembolso [INSERT_ELEMENTOR id=\u00bb8608\u2033] Descripci\u00f3n general [INSERT_ELEMENTOR id=\u00bb8717\u2033] Departamentos de Cumplimiento [INSERT_ELEMENTOR id=\u00bb8608\u2033] Aceptaci\u00f3n canadiense [INSERT_ELEMENTOR id=\u00bb8608\u2033] Aprobaciones de RCP [INSERT_ELEMENTOR id=\u00bb8751\u2033] Testimonios de Estudiantes [INSERT_ELEMENTOR id=\u00bb8608\u2033]","canonical_url":"https:\/\/cpraedcourse.com\/es\/nuestra-causa\/","robots":"max-image-preview:large","keywords":"","webmasterTools":{"google-site-verification":"8TQl1QwwF18nYMxX0M8LeR6U7YJtPumHSIWxAVTTokQ","msvalidate.01":"15CF5CA23A28A3EAFCCB4F7BF55C2193","yandex-verification":"3512739a059fad11","miscellaneous":""},"schema":{"@context":"https:\/\/schema.org","@graph":[{"@type":"BreadcrumbList","@id":"https:\/\/cpraedcourse.com\/es\/nuestra-causa\/#breadcrumblist","itemListElement":[{"@type":"ListItem","@id":"https:\/\/cpraedcourse.com\/es\/#listItem","position":1,"name":"Home","item":"https:\/\/cpraedcourse.com\/es\/","nextItem":{"@type":"ListItem","@id":"https:\/\/cpraedcourse.com\/es\/nuestra-causa\/#listItem","name":"nuestra causa"}},{"@type":"ListItem","@id":"https:\/\/cpraedcourse.com\/es\/nuestra-causa\/#listItem","position":2,"name":"nuestra causa","previousItem":{"@type":"ListItem","@id":"https:\/\/cpraedcourse.com\/es\/#listItem","name":"Home"}}]},{"@type":"Organization","@id":"https:\/\/cpraedcourse.com\/es\/#organization","name":"American Healthcare Academy","description":"Clases de capacitaci\u00f3n en RCP - Academia de atenci\u00f3n m\u00e9dica - Certificaci\u00f3n BLS en l\u00ednea","url":"https:\/\/cpraedcourse.com\/es\/","telephone":"+18176024502","logo":{"@type":"ImageObject","url":"https:\/\/cpraedcourse.com\/wp-content\/uploads\/2022\/04\/ahca-social-logo.jpg","@id":"https:\/\/cpraedcourse.com\/es\/nuestra-causa\/#organizationLogo","width":200,"height":200,"caption":"ahca-social-logo"},"image":{"@id":"https:\/\/cpraedcourse.com\/es\/nuestra-causa\/#organizationLogo"},"sameAs":["https:\/\/www.facebook.com\/CPRAEDCourses\/","https:\/\/twitter.com\/cpraedcourses","https:\/\/www.instagram.com\/cpraedcourses\/","https:\/\/www.youtube.com\/user\/cprcourse","https:\/\/www.linkedin.com\/company\/american-healthcare-academy"]},{"@type":"WebPage","@id":"https:\/\/cpraedcourse.com\/es\/nuestra-causa\/#webpage","url":"https:\/\/cpraedcourse.com\/es\/nuestra-causa\/","name":"nuestra causa","description":"Aceptaci\u00f3n del curso Home \u00bb nuestra causa Garant\u00eda de reembolso Descripci\u00f3n general Departamentos de Cumplimiento Aceptaci\u00f3n canadiense Aprobaciones de RCP Testimonios de Estudiantes Garant\u00eda de reembolso [INSERT_ELEMENTOR id=\u00bb8608\u2033] Descripci\u00f3n general [INSERT_ELEMENTOR id=\u00bb8717\u2033] Departamentos de Cumplimiento [INSERT_ELEMENTOR id=\u00bb8608\u2033] Aceptaci\u00f3n canadiense [INSERT_ELEMENTOR id=\u00bb8608\u2033] Aprobaciones de RCP [INSERT_ELEMENTOR id=\u00bb8751\u2033] Testimonios de Estudiantes [INSERT_ELEMENTOR id=\u00bb8608\u2033]","inLanguage":"es-ES","isPartOf":{"@id":"https:\/\/cpraedcourse.com\/es\/#website"},"breadcrumb":{"@id":"https:\/\/cpraedcourse.com\/es\/nuestra-causa\/#breadcrumblist"},"datePublished":"2022-02-07T17:06:30+00:00","dateModified":"2023-12-21T12:04:12+00:00"},{"@type":"WebSite","@id":"https:\/\/cpraedcourse.com\/es\/#website","url":"https:\/\/cpraedcourse.com\/es\/","name":"CPR Certification Online | American Healthcare Academy","alternateName":"cpraedcourse","description":"Clases de capacitaci\u00f3n en RCP - Academia de atenci\u00f3n m\u00e9dica - Certificaci\u00f3n BLS en l\u00ednea","inLanguage":"es-ES","publisher":{"@id":"https:\/\/cpraedcourse.com\/es\/#organization"}}]},"og:locale":"es_ES","og:site_name":"Academia Estadounidense de Atenci\u00f3n de la Salud","og:type":"article","og:title":"nuestra causa","og:description":"Aceptaci\u00f3n del curso Home \u00bb nuestra causa Garant\u00eda de reembolso Descripci\u00f3n general Departamentos de Cumplimiento Aceptaci\u00f3n canadiense Aprobaciones de RCP Testimonios de Estudiantes Garant\u00eda de reembolso [INSERT_ELEMENTOR id=\u00bb8608\u2033] Descripci\u00f3n general [INSERT_ELEMENTOR id=\u00bb8717\u2033] Departamentos de Cumplimiento [INSERT_ELEMENTOR id=\u00bb8608\u2033] Aceptaci\u00f3n canadiense [INSERT_ELEMENTOR id=\u00bb8608\u2033] Aprobaciones de RCP [INSERT_ELEMENTOR id=\u00bb8751\u2033] Testimonios de Estudiantes [INSERT_ELEMENTOR id=\u00bb8608\u2033]","og:url":"https:\/\/cpraedcourse.com\/es\/nuestra-causa\/","og:image":"https:\/\/cpraedcourse.com\/wp-content\/uploads\/2022\/04\/ahca-social-logo.jpg","og:image:secure_url":"https:\/\/cpraedcourse.com\/wp-content\/uploads\/2022\/04\/ahca-social-logo.jpg","og:image:width":200,"og:image:height":200,"article:published_time":"2022-02-07T17:06:30+00:00","article:modified_time":"2023-12-21T12:04:12+00:00","article:publisher":"https:\/\/www.facebook.com\/CPRAEDCourses\/","twitter:card":"summary_large_image","twitter:site":"@cpraedcourses","twitter:title":"nuestra causa","twitter:description":"Aceptaci\u00f3n del curso Home \u00bb nuestra causa Garant\u00eda de reembolso Descripci\u00f3n general Departamentos de Cumplimiento Aceptaci\u00f3n canadiense Aprobaciones de RCP Testimonios de Estudiantes Garant\u00eda de reembolso [INSERT_ELEMENTOR id=\u00bb8608\u2033] Descripci\u00f3n general [INSERT_ELEMENTOR id=\u00bb8717\u2033] Departamentos de Cumplimiento [INSERT_ELEMENTOR id=\u00bb8608\u2033] Aceptaci\u00f3n canadiense [INSERT_ELEMENTOR id=\u00bb8608\u2033] Aprobaciones de RCP [INSERT_ELEMENTOR id=\u00bb8751\u2033] Testimonios de Estudiantes [INSERT_ELEMENTOR id=\u00bb8608\u2033]","twitter:creator":"@cpraedcourses","twitter:image":"https:\/\/cpraedcourse.com\/wp-content\/uploads\/2022\/04\/ahca-social-logo.jpg","twitter:label1":"Escrito por","twitter:data1":"admin"},"aioseo_meta_data":{"post_id":"15261","title":null,"description":null,"keywords":null,"keyphrases":null,"primary_term":null,"canonical_url":null,"og_title":null,"og_description":null,"og_object_type":"default","og_image_type":"content","og_image_url":null,"og_image_width":null,"og_image_height":null,"og_image_custom_url":null,"og_image_custom_fields":null,"og_video":null,"og_custom_url":null,"og_article_section":null,"og_article_tags":null,"twitter_use_og":true,"twitter_card":"default","twitter_image_type":"default","twitter_image_url":null,"twitter_image_custom_url":null,"twitter_image_custom_fields":null,"twitter_title":null,"twitter_description":null,"schema":{"blockGraphs":[],"customGraphs":[],"default":{"data":{"Article":[],"Course":[],"Dataset":[],"FAQPage":[],"Movie":[],"Person":[],"Product":[],"ProductReview":[],"Car":[],"Recipe":[],"Service":[],"SoftwareApplication":[],"WebPage":[]},"graphName":"","isEnabled":true},"graphs":[]},"schema_type":"default","schema_type_options":null,"pillar_content":false,"robots_default":true,"robots_noindex":false,"robots_noarchive":false,"robots_nosnippet":false,"robots_nofollow":false,"robots_noimageindex":false,"robots_noodp":false,"robots_notranslate":false,"robots_max_snippet":null,"robots_max_videopreview":null,"robots_max_imagepreview":"large","priority":null,"frequency":null,"local_seo":null,"seo_analyzer_scan_date":"2025-10-13 11:29:36","limit_modified_date":false,"open_ai":null,"ai":null,"created":"2022-04-18 20:15:45","updated":"2025-10-13 11:29:36"},"aioseo_breadcrumb":"<div class=\"aioseo-breadcrumbs\"><span class=\"aioseo-breadcrumb\">\n\t<a href=\"https:\/\/cpraedcourse.com\/es\/\" title=\"Home\">Home<\/a>\n<\/span><span class=\"aioseo-breadcrumb-separator\">\u00bb<\/span><span class=\"aioseo-breadcrumb\">\n\tnuestra causa\n<\/span><\/div>","aioseo_breadcrumb_json":[{"label":"Home","link":"https:\/\/cpraedcourse.com\/es\/"},{"label":"nuestra causa","link":"https:\/\/cpraedcourse.com\/es\/nuestra-causa\/"}],"_links":{"self":[{"href":"https:\/\/cpraedcourse.com\/es\/wp-json\/wp\/v2\/pages\/15261","targetHints":{"allow":["GET"]}}],"collection":[{"href":"https:\/\/cpraedcourse.com\/es\/wp-json\/wp\/v2\/pages"}],"about":[{"href":"https:\/\/cpraedcourse.com\/es\/wp-json\/wp\/v2\/types\/page"}],"author":[{"embeddable":true,"href":"https:\/\/cpraedcourse.com\/es\/wp-json\/wp\/v2\/users\/26"}],"replies":[{"embeddable":true,"href":"https:\/\/cpraedcourse.com\/es\/wp-json\/wp\/v2\/comments?post=15261"}],"version-history":[{"count":0,"href":"https:\/\/cpraedcourse.com\/es\/wp-json\/wp\/v2\/pages\/15261\/revisions"}],"wp:attachment":[{"href":"https:\/\/cpraedcourse.com\/es\/wp-json\/wp\/v2\/media?parent=15261"}],"curies":[{"name":"wp","href":"https:\/\/api.w.org\/{rel}","templated":true}]}}