{"id":15211,"date":"2022-02-07T17:06:20","date_gmt":"2022-02-07T17:06:20","guid":{"rendered":"https:\/\/delta.cpraedcourse.com\/reembolsos-y-garantia-de-devolucion-de-dinero\/"},"modified":"2023-12-21T07:12:52","modified_gmt":"2023-12-21T07:12:52","slug":"reembolsos-y-garantia-de-devolucion-de-dinero","status":"publish","type":"page","link":"https:\/\/cpraedcourse.com\/es\/reembolsos-y-garantia-de-devolucion-de-dinero\/","title":{"rendered":"Reembolsos y garant\u00eda de devoluci\u00f3n de dinero"},"content":{"rendered":"\t\t<div data-elementor-type=\"wp-page\" data-elementor-id=\"15211\" class=\"elementor elementor-15211 elementor-7889\" data-elementor-post-type=\"page\">\n\t\t\t\t\t\t<section class=\"elementor-section elementor-top-section elementor-element elementor-element-e8383c2 elementor-section-boxed elementor-section-height-default elementor-section-height-default\" data-id=\"e8383c2\" data-element_type=\"section\" data-e-type=\"section\" data-settings=\"{&quot;background_background&quot;:&quot;classic&quot;}\">\n\t\t\t\t\t\t<div class=\"elementor-container elementor-column-gap-default\">\n\t\t\t\t\t<div class=\"elementor-column elementor-col-100 elementor-top-column elementor-element elementor-element-eeeb606\" data-id=\"eeeb606\" data-element_type=\"column\" data-e-type=\"column\">\n\t\t\t<div class=\"elementor-widget-wrap elementor-element-populated\">\n\t\t\t\t\t\t<div class=\"elementor-element elementor-element-b110e76 elementor-widget elementor-widget-shortcode\" data-id=\"b110e76\" data-element_type=\"widget\" data-e-type=\"widget\" data-widget_type=\"shortcode.default\">\n\t\t\t\t\t\t\t<div class=\"elementor-shortcode\"><div class=\"aioseo-breadcrumbs\"><span class=\"aioseo-breadcrumb\">\n\tHome\n<\/span><\/div><\/div>\n\t\t\t\t\t\t<\/div>\n\t\t\t\t\t<\/div>\n\t\t<\/div>\n\t\t\t\t\t<\/div>\n\t\t<\/section>\n\t\t\t\t<section class=\"elementor-section elementor-top-section elementor-element elementor-element-6cd104c elementor-section-boxed elementor-section-height-default elementor-section-height-default\" data-id=\"6cd104c\" data-element_type=\"section\" data-e-type=\"section\">\n\t\t\t\t\t\t<div class=\"elementor-container elementor-column-gap-default\">\n\t\t\t\t\t<div class=\"elementor-column elementor-col-100 elementor-top-column elementor-element elementor-element-fbc8ddd\" data-id=\"fbc8ddd\" data-element_type=\"column\" data-e-type=\"column\">\n\t\t\t<div class=\"elementor-widget-wrap elementor-element-populated\">\n\t\t\t\t\t\t<div class=\"elementor-element elementor-element-651c368 elementor-widget elementor-widget-heading\" data-id=\"651c368\" data-element_type=\"widget\" data-e-type=\"widget\" data-widget_type=\"heading.default\">\n\t\t\t\t\t<h1 class=\"elementor-heading-title elementor-size-default\">Reembolsos y garant\u00eda de devoluci\u00f3n de dinero<\/h1>\t\t\t\t<\/div>\n\t\t\t\t\t<\/div>\n\t\t<\/div>\n\t\t\t\t\t<\/div>\n\t\t<\/section>\n\t\t\t\t<section class=\"elementor-section elementor-top-section elementor-element elementor-element-ee03243 elementor-section-boxed elementor-section-height-default elementor-section-height-default\" data-id=\"ee03243\" data-element_type=\"section\" data-e-type=\"section\">\n\t\t\t\t\t\t<div class=\"elementor-container elementor-column-gap-default\">\n\t\t\t\t\t<div class=\"elementor-column elementor-col-100 elementor-top-column elementor-element elementor-element-fc9a2c3\" data-id=\"fc9a2c3\" data-element_type=\"column\" data-e-type=\"column\">\n\t\t\t<div class=\"elementor-widget-wrap elementor-element-populated\">\n\t\t\t\t\t\t<div class=\"elementor-element elementor-element-bd8c877 elementor-widget elementor-widget-text-editor\" data-id=\"bd8c877\" data-element_type=\"widget\" data-e-type=\"widget\" data-widget_type=\"text-editor.default\">\n\t\t\t\t\t\t\t\t\t<p>Todos los cursos en l\u00ednea de American Health Care Academy son aceptados por muchas instituciones y organizaciones en los EE. UU. Ofrecemos una <strong>garant\u00eda de devoluci\u00f3n de dinero de 30 d\u00edas<\/strong> si, por cualquier motivo, no se acepta la certificaci\u00f3n. Con AHCA usted tiene una <strong>garant\u00eda de devoluci\u00f3n de dinero 100 por ciento libre de riesgo<\/strong> .<\/p>\n<p>American HealthCare Academy proporciona una certificaci\u00f3n aceptada nacional e internacionalmente. Si la certificaci\u00f3n de American Health Care Academy no cumple con sus requisitos, emitiremos un reembolso completo cuando pueda confirmar su denegaci\u00f3n. Si no est\u00e1 satisfecho con el contenido que tenemos disponible dentro de nuestros cursos, es su responsabilidad dejar de usar nuestro sitio web. No podemos reembolsarle un curso que ya haya completado. Una vez que pase el cuestionario y pueda imprimir su tarjeta de billetera, no ofreceremos ning\u00fan reembolso. Proporcionaremos reembolsos si su empleador\/instituci\u00f3n no acepta nuestro curso en l\u00ednea y si se puede confirmar esta denegaci\u00f3n.<\/p>\n<p>Para solicitar un reembolso, deber\u00e1 enviar un correo electr\u00f3nico a American Health Care Academy a <a href=\"mailto:info@cpraedcourse.com\"><strong>info@cpraedcourse.com<\/strong><\/a> dentro de los 30 d\u00edas posteriores al pago del curso. Una vez que el estudiante haya pagado por el curso, tendr\u00e1 acceso completo al contenido del curso y podr\u00e1 determinar si cumple con sus requisitos. En el correo electr\u00f3nico, incluya: su nombre completo, direcci\u00f3n postal, direcci\u00f3n de correo electr\u00f3nico, nombre de la empresa que rechaza, n\u00famero de tel\u00e9fono de la empresa que rechaza, correo electr\u00f3nico de la empresa que rechaza y el motivo por el que se solicita el reembolso.<\/p>\n<p>No reembolsamos los gastos de env\u00edo. Adem\u00e1s, si tiene dificultades t\u00e9cnicas, comun\u00edquese con nosotros y con gusto le responderemos cualquier pregunta. No solicite un reembolso si simplemente tiene problemas t\u00e9cnicos.<\/p>\t\t\t\t\t\t\t\t<\/div>\n\t\t\t\t\t<\/div>\n\t\t<\/div>\n\t\t\t\t\t<\/div>\n\t\t<\/section>\n\t\t\t\t<\/div>\n\t\t","protected":false},"excerpt":{"rendered":"<p>Reembolsos y garant\u00eda de devoluci\u00f3n de dinero Todos los cursos en l\u00ednea de American Health Care Academy son aceptados por muchas instituciones y organizaciones en los EE. UU. Ofrecemos una garant\u00eda de devoluci\u00f3n de dinero de 30 d\u00edas si, por cualquier motivo, no se acepta la certificaci\u00f3n. Con AHCA usted tiene una garant\u00eda de devoluci\u00f3n [&hellip;]<\/p>\n","protected":false},"author":26,"featured_media":0,"parent":0,"menu_order":0,"comment_status":"closed","ping_status":"closed","template":"elementor_header_footer","meta":{"_acf_changed":false,"inline_featured_image":false,"footnotes":""},"class_list":["post-15211","page","type-page","status-publish","hentry"],"acf":[],"aioseo_notices":[],"aioseo_head":"\n\t\t<!-- All in One SEO Pro 4.9.5.2 - aioseo.com -->\n\t<meta name=\"description\" content=\"Quiere una manera sin riesgos de aprender RCP y primeros auxilios? Reg\u00edstrese en nuestras clases de RCP en l\u00ednea. American Health Care Academy ofrece una garant\" \/>\n\t<meta name=\"robots\" content=\"max-image-preview:large\" \/>\n\t<meta name=\"google-site-verification\" content=\"8TQl1QwwF18nYMxX0M8LeR6U7YJtPumHSIWxAVTTokQ\" \/>\n\t<meta name=\"msvalidate.01\" content=\"15CF5CA23A28A3EAFCCB4F7BF55C2193\" \/>\n\t<meta name=\"yandex-verification\" content=\"3512739a059fad11\" \/>\n\t<link rel=\"canonical\" href=\"https:\/\/cpraedcourse.com\/es\/reembolsos-y-garantia-de-devolucion-de-dinero\/\" \/>\n\t<meta name=\"generator\" content=\"All in One SEO Pro (AIOSEO) 4.9.5.2\" \/>\n\t\t<meta property=\"og:locale\" content=\"es_ES\" \/>\n\t\t<meta property=\"og:site_name\" content=\"Academia Estadounidense de Atenci\u00f3n de la Salud\" \/>\n\t\t<meta property=\"og:type\" content=\"article\" \/>\n\t\t<meta property=\"og:title\" content=\"Academia Estadounidense De Atenci\u00f3n De La Salud\" \/>\n\t\t<meta property=\"og:description\" content=\"Quiere una manera sin riesgos de aprender RCP y primeros auxilios? Reg\u00edstrese en nuestras clases de RCP en l\u00ednea. American Health Care Academy ofrece una garant\" \/>\n\t\t<meta property=\"og:url\" content=\"https:\/\/cpraedcourse.com\/es\/reembolsos-y-garantia-de-devolucion-de-dinero\/\" \/>\n\t\t<meta property=\"og:image\" content=\"https:\/\/cpraedcourse.com\/wp-content\/uploads\/2022\/04\/ahca-social-logo.jpg\" \/>\n\t\t<meta property=\"og:image:secure_url\" content=\"https:\/\/cpraedcourse.com\/wp-content\/uploads\/2022\/04\/ahca-social-logo.jpg\" \/>\n\t\t<meta property=\"og:image:width\" content=\"200\" \/>\n\t\t<meta property=\"og:image:height\" content=\"200\" \/>\n\t\t<meta property=\"article:published_time\" content=\"2022-02-07T17:06:20+00:00\" \/>\n\t\t<meta property=\"article:modified_time\" content=\"2023-12-21T07:12:52+00:00\" \/>\n\t\t<meta property=\"article:publisher\" content=\"https:\/\/www.facebook.com\/CPRAEDCourses\/\" \/>\n\t\t<meta name=\"twitter:card\" content=\"summary_large_image\" \/>\n\t\t<meta name=\"twitter:site\" content=\"@cpraedcourses\" \/>\n\t\t<meta name=\"twitter:title\" content=\"Garant\u00eda de devoluci\u00f3n de dinero - Academia Estadounidense de Atenci\u00f3n de la Salud\" \/>\n\t\t<meta name=\"twitter:description\" content=\"Quiere una manera sin riesgos de aprender RCP y primeros auxilios? Reg\u00edstrese en nuestras clases de RCP en l\u00ednea. American Health Care Academy ofrece una garant\" \/>\n\t\t<meta name=\"twitter:creator\" content=\"@cpraedcourses\" \/>\n\t\t<meta name=\"twitter:image\" content=\"https:\/\/cpraedcourse.com\/wp-content\/uploads\/2022\/04\/ahca-social-logo.jpg\" \/>\n\t\t<meta name=\"twitter:label1\" content=\"Escrito por\" \/>\n\t\t<meta name=\"twitter:data1\" content=\"admin\" \/>\n\t\t<meta name=\"twitter:label2\" content=\"Tiempo de lectura estimado\" \/>\n\t\t<meta name=\"twitter:data2\" content=\"2 minutos\" \/>\n\t\t<script type=\"application\/ld+json\" class=\"aioseo-schema\">\n\t\t\t{\"@context\":\"https:\\\/\\\/schema.org\",\"@graph\":[{\"@type\":\"BreadcrumbList\",\"@id\":\"https:\\\/\\\/cpraedcourse.com\\\/es\\\/reembolsos-y-garantia-de-devolucion-de-dinero\\\/#breadcrumblist\",\"itemListElement\":[{\"@type\":\"ListItem\",\"@id\":\"https:\\\/\\\/cpraedcourse.com\\\/es\\\/#listItem\",\"position\":1,\"name\":\"Home\",\"item\":\"https:\\\/\\\/cpraedcourse.com\\\/es\\\/\",\"nextItem\":{\"@type\":\"ListItem\",\"@id\":\"https:\\\/\\\/cpraedcourse.com\\\/es\\\/reembolsos-y-garantia-de-devolucion-de-dinero\\\/#listItem\",\"name\":\"Reembolsos y garant\\u00eda de devoluci\\u00f3n de dinero\"}},{\"@type\":\"ListItem\",\"@id\":\"https:\\\/\\\/cpraedcourse.com\\\/es\\\/reembolsos-y-garantia-de-devolucion-de-dinero\\\/#listItem\",\"position\":2,\"name\":\"Reembolsos y garant\\u00eda de devoluci\\u00f3n de dinero\",\"previousItem\":{\"@type\":\"ListItem\",\"@id\":\"https:\\\/\\\/cpraedcourse.com\\\/es\\\/#listItem\",\"name\":\"Home\"}}]},{\"@type\":\"Organization\",\"@id\":\"https:\\\/\\\/cpraedcourse.com\\\/es\\\/#organization\",\"name\":\"American Healthcare Academy\",\"description\":\"Clases de capacitaci\\u00f3n en RCP - Academia de atenci\\u00f3n m\\u00e9dica - Certificaci\\u00f3n BLS en l\\u00ednea\",\"url\":\"https:\\\/\\\/cpraedcourse.com\\\/es\\\/\",\"telephone\":\"+18176024502\",\"logo\":{\"@type\":\"ImageObject\",\"url\":\"https:\\\/\\\/cpraedcourse.com\\\/wp-content\\\/uploads\\\/2022\\\/04\\\/ahca-social-logo.jpg\",\"@id\":\"https:\\\/\\\/cpraedcourse.com\\\/es\\\/reembolsos-y-garantia-de-devolucion-de-dinero\\\/#organizationLogo\",\"width\":200,\"height\":200,\"caption\":\"ahca-social-logo\"},\"image\":{\"@id\":\"https:\\\/\\\/cpraedcourse.com\\\/es\\\/reembolsos-y-garantia-de-devolucion-de-dinero\\\/#organizationLogo\"},\"sameAs\":[\"https:\\\/\\\/www.facebook.com\\\/CPRAEDCourses\\\/\",\"https:\\\/\\\/twitter.com\\\/cpraedcourses\",\"https:\\\/\\\/www.instagram.com\\\/cpraedcourses\\\/\",\"https:\\\/\\\/www.youtube.com\\\/user\\\/cprcourse\",\"https:\\\/\\\/www.linkedin.com\\\/company\\\/american-healthcare-academy\"]},{\"@type\":\"WebPage\",\"@id\":\"https:\\\/\\\/cpraedcourse.com\\\/es\\\/reembolsos-y-garantia-de-devolucion-de-dinero\\\/#webpage\",\"url\":\"https:\\\/\\\/cpraedcourse.com\\\/es\\\/reembolsos-y-garantia-de-devolucion-de-dinero\\\/\",\"name\":\"Academia Estadounidense De Atenci\\u00f3n De La Salud\",\"description\":\"Quiere una manera sin riesgos de aprender RCP y primeros auxilios? Reg\\u00edstrese en nuestras clases de RCP en l\\u00ednea. American Health Care Academy ofrece una garant\",\"inLanguage\":\"es-ES\",\"isPartOf\":{\"@id\":\"https:\\\/\\\/cpraedcourse.com\\\/es\\\/#website\"},\"breadcrumb\":{\"@id\":\"https:\\\/\\\/cpraedcourse.com\\\/es\\\/reembolsos-y-garantia-de-devolucion-de-dinero\\\/#breadcrumblist\"},\"datePublished\":\"2022-02-07T17:06:20+00:00\",\"dateModified\":\"2023-12-21T07:12:52+00:00\"},{\"@type\":\"WebSite\",\"@id\":\"https:\\\/\\\/cpraedcourse.com\\\/es\\\/#website\",\"url\":\"https:\\\/\\\/cpraedcourse.com\\\/es\\\/\",\"name\":\"CPR Certification Online | American Healthcare Academy\",\"alternateName\":\"cpraedcourse\",\"description\":\"Clases de capacitaci\\u00f3n en RCP - Academia de atenci\\u00f3n m\\u00e9dica - Certificaci\\u00f3n BLS en l\\u00ednea\",\"inLanguage\":\"es-ES\",\"publisher\":{\"@id\":\"https:\\\/\\\/cpraedcourse.com\\\/es\\\/#organization\"}}]}\n\t\t<\/script>\n\t\t<script type=\"text\/javascript\">\n\t\t\t(function(c,l,a,r,i,t,y){\n\t\t\tc[a]=c[a]||function(){(c[a].q=c[a].q||[]).push(arguments)};t=l.createElement(r);t.async=1;\n\t\t\tt.src=\"https:\/\/www.clarity.ms\/tag\/\"+i+\"?ref=aioseo\";y=l.getElementsByTagName(r)[0];y.parentNode.insertBefore(t,y);\n\t\t})(window, document, \"clarity\", \"script\", \"h8i9wmqjlw\");\n\t\t<\/script>\n\t\t<!-- All in One SEO Pro -->\r\n\t\t<title>Academia Estadounidense De Atenci\u00f3n De La Salud<\/title>\n\n","aioseo_head_json":{"title":"Academia Estadounidense De Atenci\u00f3n De La Salud","description":"Quiere una manera sin riesgos de aprender RCP y primeros auxilios? Reg\u00edstrese en nuestras clases de RCP en l\u00ednea. American Health Care Academy ofrece una garant","canonical_url":"https:\/\/cpraedcourse.com\/es\/reembolsos-y-garantia-de-devolucion-de-dinero\/","robots":"max-image-preview:large","keywords":"","webmasterTools":{"google-site-verification":"8TQl1QwwF18nYMxX0M8LeR6U7YJtPumHSIWxAVTTokQ","msvalidate.01":"15CF5CA23A28A3EAFCCB4F7BF55C2193","yandex-verification":"3512739a059fad11","miscellaneous":""},"schema":{"@context":"https:\/\/schema.org","@graph":[{"@type":"BreadcrumbList","@id":"https:\/\/cpraedcourse.com\/es\/reembolsos-y-garantia-de-devolucion-de-dinero\/#breadcrumblist","itemListElement":[{"@type":"ListItem","@id":"https:\/\/cpraedcourse.com\/es\/#listItem","position":1,"name":"Home","item":"https:\/\/cpraedcourse.com\/es\/","nextItem":{"@type":"ListItem","@id":"https:\/\/cpraedcourse.com\/es\/reembolsos-y-garantia-de-devolucion-de-dinero\/#listItem","name":"Reembolsos y garant\u00eda de devoluci\u00f3n de dinero"}},{"@type":"ListItem","@id":"https:\/\/cpraedcourse.com\/es\/reembolsos-y-garantia-de-devolucion-de-dinero\/#listItem","position":2,"name":"Reembolsos y garant\u00eda de devoluci\u00f3n de dinero","previousItem":{"@type":"ListItem","@id":"https:\/\/cpraedcourse.com\/es\/#listItem","name":"Home"}}]},{"@type":"Organization","@id":"https:\/\/cpraedcourse.com\/es\/#organization","name":"American Healthcare Academy","description":"Clases de capacitaci\u00f3n en RCP - Academia de atenci\u00f3n m\u00e9dica - Certificaci\u00f3n BLS en l\u00ednea","url":"https:\/\/cpraedcourse.com\/es\/","telephone":"+18176024502","logo":{"@type":"ImageObject","url":"https:\/\/cpraedcourse.com\/wp-content\/uploads\/2022\/04\/ahca-social-logo.jpg","@id":"https:\/\/cpraedcourse.com\/es\/reembolsos-y-garantia-de-devolucion-de-dinero\/#organizationLogo","width":200,"height":200,"caption":"ahca-social-logo"},"image":{"@id":"https:\/\/cpraedcourse.com\/es\/reembolsos-y-garantia-de-devolucion-de-dinero\/#organizationLogo"},"sameAs":["https:\/\/www.facebook.com\/CPRAEDCourses\/","https:\/\/twitter.com\/cpraedcourses","https:\/\/www.instagram.com\/cpraedcourses\/","https:\/\/www.youtube.com\/user\/cprcourse","https:\/\/www.linkedin.com\/company\/american-healthcare-academy"]},{"@type":"WebPage","@id":"https:\/\/cpraedcourse.com\/es\/reembolsos-y-garantia-de-devolucion-de-dinero\/#webpage","url":"https:\/\/cpraedcourse.com\/es\/reembolsos-y-garantia-de-devolucion-de-dinero\/","name":"Academia Estadounidense De Atenci\u00f3n De La Salud","description":"Quiere una manera sin riesgos de aprender RCP y primeros auxilios? Reg\u00edstrese en nuestras clases de RCP en l\u00ednea. American Health Care Academy ofrece una garant","inLanguage":"es-ES","isPartOf":{"@id":"https:\/\/cpraedcourse.com\/es\/#website"},"breadcrumb":{"@id":"https:\/\/cpraedcourse.com\/es\/reembolsos-y-garantia-de-devolucion-de-dinero\/#breadcrumblist"},"datePublished":"2022-02-07T17:06:20+00:00","dateModified":"2023-12-21T07:12:52+00:00"},{"@type":"WebSite","@id":"https:\/\/cpraedcourse.com\/es\/#website","url":"https:\/\/cpraedcourse.com\/es\/","name":"CPR Certification Online | American Healthcare Academy","alternateName":"cpraedcourse","description":"Clases de capacitaci\u00f3n en RCP - Academia de atenci\u00f3n m\u00e9dica - Certificaci\u00f3n BLS en l\u00ednea","inLanguage":"es-ES","publisher":{"@id":"https:\/\/cpraedcourse.com\/es\/#organization"}}]},"og:locale":"es_ES","og:site_name":"Academia Estadounidense de Atenci\u00f3n de la Salud","og:type":"article","og:title":"Academia Estadounidense De Atenci\u00f3n De La Salud","og:description":"Quiere una manera sin riesgos de aprender RCP y primeros auxilios? Reg\u00edstrese en nuestras clases de RCP en l\u00ednea. American Health Care Academy ofrece una garant","og:url":"https:\/\/cpraedcourse.com\/es\/reembolsos-y-garantia-de-devolucion-de-dinero\/","og:image":"https:\/\/cpraedcourse.com\/wp-content\/uploads\/2022\/04\/ahca-social-logo.jpg","og:image:secure_url":"https:\/\/cpraedcourse.com\/wp-content\/uploads\/2022\/04\/ahca-social-logo.jpg","og:image:width":"200","og:image:height":"200","article:published_time":"2022-02-07T17:06:20+00:00","article:modified_time":"2023-12-21T07:12:52+00:00","article:publisher":"https:\/\/www.facebook.com\/CPRAEDCourses\/","twitter:card":"summary_large_image","twitter:site":"@cpraedcourses","twitter:title":"Garant\u00eda de devoluci\u00f3n de dinero - Academia Estadounidense de Atenci\u00f3n de la Salud","twitter:description":"Quiere una manera sin riesgos de aprender RCP y primeros auxilios? Reg\u00edstrese en nuestras clases de RCP en l\u00ednea. American Health Care Academy ofrece una garant","twitter:creator":"@cpraedcourses","twitter:image":"https:\/\/cpraedcourse.com\/wp-content\/uploads\/2022\/04\/ahca-social-logo.jpg","twitter:label1":"Escrito por","twitter:data1":"admin","twitter:label2":"Tiempo de lectura estimado","twitter:data2":"2 minutos"},"aioseo_meta_data":{"post_id":"15211","title":"Academia Estadounidense De Atenci\u00f3n De La Salud","description":"Quiere una manera sin riesgos de aprender RCP y primeros auxilios? Reg\u00edstrese en nuestras clases de RCP en l\u00ednea. American Health Care Academy ofrece una garant","keywords":[],"keyphrases":{"focus":{"keyphrase":"","score":0,"analysis":{"keyphraseInTitle":{"score":0,"maxScore":9,"error":1}}},"additional":[]},"primary_term":null,"canonical_url":null,"og_title":null,"og_description":null,"og_object_type":"default","og_image_type":"content","og_image_url":"https:\/\/cpraedcourse.com\/wp-content\/uploads\/2022\/04\/ahca-social-logo.jpg","og_image_width":"200","og_image_height":"200","og_image_custom_url":null,"og_image_custom_fields":null,"og_video":"","og_custom_url":null,"og_article_section":null,"og_article_tags":[],"twitter_use_og":false,"twitter_card":"default","twitter_image_type":"default","twitter_image_url":null,"twitter_image_custom_url":null,"twitter_image_custom_fields":null,"twitter_title":"Garant\u00eda de devoluci\u00f3n de dinero - #site_title","twitter_description":null,"schema":{"blockGraphs":[],"customGraphs":[],"default":{"data":{"Article":[],"Course":[],"Dataset":[],"FAQPage":[],"Movie":[],"Person":[],"Product":[],"ProductReview":[],"Car":[],"Recipe":[],"Service":[],"SoftwareApplication":[],"WebPage":[]},"graphName":"WebPage","isEnabled":true},"graphs":[]},"schema_type":"default","schema_type_options":"{\"article\":{\"articleType\":\"BlogPosting\"},\"course\":{\"name\":\"\",\"description\":\"\",\"provider\":\"\"},\"faq\":{\"pages\":[]},\"product\":{\"reviews\":[]},\"recipe\":{\"ingredients\":[],\"instructions\":[],\"keywords\":[]},\"software\":{\"reviews\":[],\"operatingSystems\":[]},\"webPage\":{\"webPageType\":\"WebPage\"}}","pillar_content":false,"robots_default":true,"robots_noindex":false,"robots_noarchive":false,"robots_nosnippet":false,"robots_nofollow":false,"robots_noimageindex":false,"robots_noodp":false,"robots_notranslate":false,"robots_max_snippet":"-1","robots_max_videopreview":"-1","robots_max_imagepreview":"large","priority":null,"frequency":"default","local_seo":null,"seo_analyzer_scan_date":"2025-10-13 11:27:49","limit_modified_date":false,"open_ai":null,"ai":null,"created":"2022-04-18 20:15:45","updated":"2025-10-13 11:27:49"},"aioseo_breadcrumb":"<div class=\"aioseo-breadcrumbs\"><span class=\"aioseo-breadcrumb\">\n\t<a href=\"https:\/\/cpraedcourse.com\/es\/\" title=\"Home\">Home<\/a>\n<\/span><span class=\"aioseo-breadcrumb-separator\">\u00bb<\/span><span class=\"aioseo-breadcrumb\">\n\tReembolsos y garant\u00eda de devoluci\u00f3n de dinero\n<\/span><\/div>","aioseo_breadcrumb_json":[{"label":"Home","link":"https:\/\/cpraedcourse.com\/es\/"},{"label":"Reembolsos y garant\u00eda de devoluci\u00f3n de dinero","link":"https:\/\/cpraedcourse.com\/es\/reembolsos-y-garantia-de-devolucion-de-dinero\/"}],"_links":{"self":[{"href":"https:\/\/cpraedcourse.com\/es\/wp-json\/wp\/v2\/pages\/15211","targetHints":{"allow":["GET"]}}],"collection":[{"href":"https:\/\/cpraedcourse.com\/es\/wp-json\/wp\/v2\/pages"}],"about":[{"href":"https:\/\/cpraedcourse.com\/es\/wp-json\/wp\/v2\/types\/page"}],"author":[{"embeddable":true,"href":"https:\/\/cpraedcourse.com\/es\/wp-json\/wp\/v2\/users\/26"}],"replies":[{"embeddable":true,"href":"https:\/\/cpraedcourse.com\/es\/wp-json\/wp\/v2\/comments?post=15211"}],"version-history":[{"count":0,"href":"https:\/\/cpraedcourse.com\/es\/wp-json\/wp\/v2\/pages\/15211\/revisions"}],"wp:attachment":[{"href":"https:\/\/cpraedcourse.com\/es\/wp-json\/wp\/v2\/media?parent=15211"}],"curies":[{"name":"wp","href":"https:\/\/api.w.org\/{rel}","templated":true}]}}